{"id":15886,"date":"2026-04-20T15:00:02","date_gmt":"2026-04-20T18:00:02","guid":{"rendered":"https:\/\/ambrosioeletro.com.br\/v20\/?post_type=product&#038;p=15886"},"modified":"2026-04-20T15:00:03","modified_gmt":"2026-04-20T18:00:03","slug":"samsung-smart-tv-50-crystal-uhd-4k-u8600f","status":"publish","type":"product","link":"https:\/\/ambrosioeletro.com.br\/v20\/produto\/samsung-smart-tv-50-crystal-uhd-4k-u8600f\/","title":{"rendered":"Samsung Smart TV 50&#8243; Crystal UHD 4K U8600F"},"content":{"rendered":"<div id=\"productOverview_feature_div\" class=\"celwidget\" data-feature-name=\"productOverview_nonPets\" data-csa-c-type=\"widget\" data-csa-c-content-id=\"productOverview_nonPets\" data-csa-c-slot-id=\"productOverview_feature_div\" data-csa-c-asin=\"B0F5X4LL89\" data-csa-c-is-in-initial-active-row=\"false\" data-csa-c-id=\"b092bd-wey2tq-cs7fno-elkdlo\" data-cel-widget=\"productOverview_feature_div\">\n<div id=\"poExpander\" class=\"a-expander-collapsed-height a-row a-expander-container a-spacing-none a-expander-partial-collapse-container\" data-a-expander-name=\"product_overview\" data-a-expander-collapsed-height=\"210\">\n<div class=\"a-expander-content a-expander-partial-collapse-content a-expander-content-expanded\" data-expanded=\"true\">\n<div class=\"a-section a-spacing-small a-spacing-top-small\">\n<table class=\"a-normal a-spacing-micro\" role=\"list\">\n<tbody>\n<tr class=\"a-spacing-small po-display.size\" role=\"listitem\">\n<td class=\"a-span3\" role=\"presentation\"><span class=\"a-size-base a-text-bold\">Tamanho da tela<\/span><\/td>\n<td class=\"a-span9\" role=\"presentation\"><span class=\"a-size-base po-break-word\">50 Polegadas<\/span><\/td>\n<\/tr>\n<tr class=\"a-spacing-small po-brand\" role=\"listitem\">\n<td class=\"a-span3\" role=\"presentation\"><span class=\"a-size-base a-text-bold\">Marca<\/span><\/td>\n<td class=\"a-span9\" role=\"presentation\"><span class=\"a-size-base po-break-word\">Samsung<\/span><\/td>\n<\/tr>\n<tr class=\"a-spacing-small po-display.technology\" role=\"listitem\">\n<td class=\"a-span3\" role=\"presentation\"><span class=\"a-size-base a-text-bold\">Tecnologia do visor<\/span><\/td>\n<td class=\"a-span9\" role=\"presentation\"><span class=\"a-size-base po-break-word\">4K, UHD<\/span><\/td>\n<\/tr>\n<tr class=\"a-spacing-small po-resolution\" role=\"listitem\">\n<td class=\"a-span3\" role=\"presentation\"><span class=\"a-size-base a-text-bold\">Resolu\u00e7\u00e3o<\/span><\/td>\n<td class=\"a-span9\" role=\"presentation\"><span class=\"a-size-base po-break-word\">4K<\/span><\/td>\n<\/tr>\n<tr class=\"a-spacing-small po-refresh_rate\" role=\"listitem\">\n<td class=\"a-span3\" role=\"presentation\"><span class=\"a-size-base a-text-bold\">Taxa de atualiza\u00e7\u00e3o<\/span><\/td>\n<td class=\"a-span9\" role=\"presentation\"><span class=\"a-size-base po-break-word\">60 Hz<\/span><\/td>\n<\/tr>\n<tr class=\"a-spacing-small po-special_feature\" role=\"listitem\">\n<td class=\"a-span3\" role=\"presentation\"><span class=\"a-size-base a-text-bold\">Caracter\u00edsticas especiais<\/span><\/td>\n<td class=\"a-span9\" role=\"presentation\"><span class=\"a-size-base po-break-word\">Multiple Voice Assistance<\/span><\/td>\n<\/tr>\n<tr class=\"a-spacing-small po-included_components\" role=\"listitem\">\n<td class=\"a-span3\" role=\"presentation\"><span class=\"a-size-base a-text-bold\">Componentes inclu\u00eddos<\/span><\/td>\n<td class=\"a-span9\" role=\"presentation\"><span class=\"a-size-base po-break-word\">Controle remoto<\/span><\/td>\n<\/tr>\n<tr class=\"a-spacing-small po-connectivity_technology\" role=\"listitem\">\n<td class=\"a-span3\" role=\"presentation\"><span class=\"a-size-base a-text-bold\">Tecnologia de conectividade<\/span><\/td>\n<td class=\"a-span9\" role=\"presentation\"><span class=\"a-size-base po-break-word\">Bluetooth, Ethernet, HDMI, USB, Wi-fi<\/span><\/td>\n<\/tr>\n<tr class=\"a-spacing-small po-aspect_ratio\" role=\"listitem\">\n<td class=\"a-span3\" role=\"presentation\"><span class=\"a-size-base a-text-bold\">Propor\u00e7\u00e3o de tela<\/span><\/td>\n<td class=\"a-span9\" role=\"presentation\"><span class=\"a-size-base po-break-word\">16:9<\/span><\/td>\n<\/tr>\n<tr class=\"a-spacing-small po-item_depth_width_height\" role=\"listitem\">\n<td class=\"a-span3\" role=\"presentation\"><span class=\"a-size-base a-text-bold\">Dimens\u00f5es do produto<\/span><\/td>\n<td class=\"a-span9\" role=\"presentation\"><span class=\"a-size-base po-break-word\">23,7P x 112L x 69,4A cent\u00edmetros<\/span><\/td>\n<\/tr>\n<\/tbody>\n<\/table>\n<\/div>\n<\/div>\n<div id=\"poToggleButton\" class=\"a-expander-header a-expander-partial-collapse-header\"><a class=\"a-declarative\" role=\"button\" data-action=\"a-expander-toggle\" data-a-expander-toggle=\"{&quot;allowLinkDefault&quot;:true, &quot;expand_prompt&quot;:&quot;Ver mais&quot;, &quot;collapse_prompt&quot;:&quot;Ver menos&quot;}\"><i class=\"a-icon a-icon-extender-collapse\"><\/i><span class=\"a-expander-prompt\">Ver menos<\/span><\/a><\/div>\n<\/div>\n<\/div>\n<div id=\"collectiblesKeyInformation_feature_div\" class=\"celwidget\" data-feature-name=\"collectiblesKeyInformation\" data-csa-c-type=\"widget\" data-csa-c-content-id=\"collectiblesKeyInformation\" data-csa-c-slot-id=\"collectiblesKeyInformation_feature_div\" data-csa-c-asin=\"B0F5X4LL89\" data-csa-c-is-in-initial-active-row=\"false\" data-csa-c-id=\"c4g4te-wmuvh2-p2y7eh-jc82xg\" data-cel-widget=\"collectiblesKeyInformation_feature_div\"><\/div>\n<div id=\"featurebullets_feature_div\" class=\"celwidget\" data-feature-name=\"featurebullets_nonPets\" data-csa-c-type=\"widget\" data-csa-c-content-id=\"featurebullets_nonPets\" data-csa-c-slot-id=\"featurebullets_feature_div\" data-csa-c-asin=\"B0F5X4LL89\" data-csa-c-is-in-initial-active-row=\"false\" data-csa-c-id=\"4wdfxg-v801x4-aswjgx-lu410x\" data-cel-widget=\"featurebullets_feature_div\">\n<div id=\"feature-bullets\" class=\"a-section a-spacing-medium a-spacing-top-small\">\n<hr class=\"a-divider-normal\" aria-hidden=\"true\" \/>\n<h1 class=\"a-size-base-plus a-text-bold\">Sobre este item<\/h1>\n<ul class=\"a-unordered-list a-vertical a-spacing-mini\">\n<li class=\"a-spacing-mini\"><span class=\"a-list-item\">Processador Crystal 4K: Melhore a resolu\u00e7\u00e3o do seu conte\u00fado para at\u00e9 4K. O processador exclusivo da TV Samsung faz a otimiza\u00e7\u00e3o de seu conte\u00fado para at\u00e9 4K de resolu\u00e7\u00e3o, conforme a cena.<\/span><\/li>\n<li class=\"a-spacing-mini\"><span class=\"a-list-item\">Resolu\u00e7\u00e3o 4K: Aproveite seus programas em uma resolu\u00e7\u00e3o 4 vezes maior do que nas TVs FHD. Assista ao seu conte\u00fado favorito com imagens realistas em 4K.<\/span><\/li>\n<li class=\"a-spacing-mini\"><span class=\"a-list-item\">Tecnologia HDR com realce de contraste: Maior profundidade em todos os detalhes, mesmo em cenas claras e escuras. O HDR aumenta o alcance dos n\u00edveis de luz na sua TV, proporcionando mais brilho, contraste e detalhes com uma tecnologia que analisa as regi\u00f5es da tela e ajusta automaticamente o contraste.<\/span><\/li>\n<li class=\"a-spacing-mini\"><span class=\"a-list-item\">Sistema Operacional Tizen: 7 Anos de Atualiza\u00e7\u00f5es Garantidas. Acesse seus conte\u00fados e apps de streaming na melhor plataforma de TV, com a garantia de atualiza\u00e7\u00f5es durante 7 anos gra\u00e7as ao One UI Tizen e tenha uma TV sempre com o que h\u00e1 de mais novo.<\/span><\/li>\n<li class=\"a-spacing-mini\"><span class=\"a-list-item\">Samsung TV Plus e Gaming Hub: Sua TV com Xbox Cloud Gaming e centenas de canais gratuitos. Acesse milhares de jogos nas plataformas Xbox Cloud Gaming e Nvidia GeForce Now, sem necessidade de downloads ou de consoles. E, com o Samsung TV Plus e apps parceiros*, desfrute de canais de filmes, not\u00edcias, infantil, esportes, novelas e m\u00fasicas, tudo gr\u00e1tis e sem assinatura.<\/span><\/li>\n<li class=\"a-spacing-mini\"><span class=\"a-list-item\">Central de Seguran\u00e7a Knox: Seus dados e senhas seguros, sua privacidade preservada. N\u00e3o se preocupe com vazamento de dados e senhas ou com invas\u00e3o de hackers aos seus dispositivos conectados. Com camada m\u00faltipla de seguran\u00e7a, a Central de Seguran\u00e7a Knox assegura que todos os seus dispositivos inteligentes est\u00e3o protegidos. E, com a fun\u00e7\u00e3o Central de Senhas, voc\u00ea pode concentrar todas as suas senhas em um s\u00f3 lugar seguro e fazer logins apenas com um QR Code.<\/span><\/li>\n<li class=\"a-spacing-mini\"><span class=\"a-list-item\">SmartThings: Casa ainda mais inteligente e conectada. Controle e monitore os dispositivos da sua casa inteligente, desde l\u00e2mpadas at\u00e9 eletrodom\u00e9sticos, criando rotinas e monitorando o consumo de energia de cada um deles. Na fun\u00e7\u00e3o Home Insights, a sua TV utiliza intelig\u00eancia artificial para sugerir automa\u00e7\u00f5es de acordo com o seu uso dos dispositivos conectados, deixando a rotina em casa mais inteligente.<\/span><\/li>\n<\/ul>\n<div class=\"a-row a-expander-container a-expander-inline-container\">\n<div class=\"a-expander-content a-expander-extend-content a-expander-content-expanded\" data-expanded=\"true\">\n<ul class=\"a-unordered-list a-vertical a-spacing-none\">\n<li class=\"a-spacing-mini\"><span class=\"a-list-item\">Sincronia Sonora. TV e Soundbar juntas para um som perfeito. O som da soundbar \u00e9 somado aos alto-falantes da TV e, diferente das TVs convencionais, ambos trabalham em conjunto para uma experi\u00eancia sonora \u00fanica e incompar\u00e1vel: o Q-Symphony. ** Soundbar \u00e9 um produto vendido separadamente.<\/span><\/li>\n<li class=\"a-spacing-mini\"><span class=\"a-list-item\">Som Adaptativo: Som que se ajusta ao ambiente. O som da TV aumenta automaticamente \u00e0 medida que algum ru\u00eddo no ambiente \u00e9 identificado, permitindo que nenhum detalhe seja perdido.<\/span><\/li>\n<li class=\"a-spacing-mini\"><span class=\"a-list-item\">AI Energy Mode: Intelig\u00eancia Artificial que economiza energia. O sensor da TV detecta automaticamente o n\u00edvel de ilumina\u00e7\u00e3o do ambiente e ajusta o brilho do aparelho, al\u00e9m de analisar cena a cena e tamb\u00e9m gerencia sutilmente o n\u00edvel de brilho da tela, o que diminui o gasto de energia da TV.<\/span><\/li>\n<\/ul>\n<\/div>\n<\/div>\n<\/div>\n<\/div>\n","protected":false},"excerpt":{"rendered":"<p>Tamanho da tela 50 Polegadas Marca Samsung Tecnologia do visor 4K, UHD Resolu\u00e7\u00e3o 4K Taxa de atualiza\u00e7\u00e3o 60 Hz Caracter\u00edsticas especiais Multiple Voice Assistance Componentes inclu\u00eddos Controle remoto Tecnologia de<\/p>\n","protected":false},"featured_media":15891,"comment_status":"open","ping_status":"closed","template":"","meta":[],"product_brand":[],"product_cat":[15],"product_tag":[],"class_list":{"0":"post-15886","1":"product","2":"type-product","3":"status-publish","4":"has-post-thumbnail","6":"product_cat-produtos","7":"product_shipping_class-retirar-no-local","9":"first","10":"instock","11":"shipping-taxable","12":"purchasable","13":"product-type-simple"},"_links":{"self":[{"href":"https:\/\/ambrosioeletro.com.br\/v20\/wp-json\/wp\/v2\/product\/15886","targetHints":{"allow":["GET"]}}],"collection":[{"href":"https:\/\/ambrosioeletro.com.br\/v20\/wp-json\/wp\/v2\/product"}],"about":[{"href":"https:\/\/ambrosioeletro.com.br\/v20\/wp-json\/wp\/v2\/types\/product"}],"replies":[{"embeddable":true,"href":"https:\/\/ambrosioeletro.com.br\/v20\/wp-json\/wp\/v2\/comments?post=15886"}],"wp:featuredmedia":[{"embeddable":true,"href":"https:\/\/ambrosioeletro.com.br\/v20\/wp-json\/wp\/v2\/media\/15891"}],"wp:attachment":[{"href":"https:\/\/ambrosioeletro.com.br\/v20\/wp-json\/wp\/v2\/media?parent=15886"}],"wp:term":[{"taxonomy":"product_brand","embeddable":true,"href":"https:\/\/ambrosioeletro.com.br\/v20\/wp-json\/wp\/v2\/product_brand?post=15886"},{"taxonomy":"product_cat","embeddable":true,"href":"https:\/\/ambrosioeletro.com.br\/v20\/wp-json\/wp\/v2\/product_cat?post=15886"},{"taxonomy":"product_tag","embeddable":true,"href":"https:\/\/ambrosioeletro.com.br\/v20\/wp-json\/wp\/v2\/product_tag?post=15886"}],"curies":[{"name":"wp","href":"https:\/\/api.w.org\/{rel}","templated":true}]}}