{"id":15902,"date":"2026-04-22T12:14:59","date_gmt":"2026-04-22T15:14:59","guid":{"rendered":"https:\/\/ambrosioeletro.com.br\/v20\/?post_type=product&#038;p=15902"},"modified":"2026-04-22T12:14:59","modified_gmt":"2026-04-22T15:14:59","slug":"secador-de-cabelo-bsc21a-viih-tube-britania-2100w-rosa-biv","status":"publish","type":"product","link":"https:\/\/ambrosioeletro.com.br\/v20\/produto\/secador-de-cabelo-bsc21a-viih-tube-britania-2100w-rosa-biv\/","title":{"rendered":"Secador De Cabelo Bsc21a Viih Tube Brit\u00e2nia 2100w Rosa Biv"},"content":{"rendered":"<div class=\"relative px-md overflow-hidden border-on-surface-8 after:pointer-events-none after:absolute after:bottom-[0] after:left-[0] after:h-[72px] after:w-full after:bg-gradient-to-b after:from-[#FFFFFF00] after:to-[#FFFFFF] md:after:content-none md:px-lg max-md:border-b-thin\" data-testid=\"tab-product-detail\">\n<h2 class=\"text-on-surface-2 font-md-bold md:font-title-large-highlight md:mb-md\" data-testid=\"product-details-title\">Descri\u00e7\u00e3o e ficha t\u00e9cnica<\/h2>\n<div data-testid=\"product-detail\">\n<p class=\"mt-2xsm text-on-surface-4 font-xsm-regular\" data-testid=\"product-detail-code\">C\u00f3digo\u00a0kfa281hjb6<\/p>\n<div class=\"mt-md font-xsm-regular\" data-testid=\"product-detail-description\">Secador de Cabelos Brit\u00e2nia Linha Viih Tube Bivolt BSC21A &#8211; Bivolt A Nova Linha de Cuidados Pessoais Viih Tube foi criada para acompanhar voc\u00ea em todos os momentos. Sinta-se confiante e transforme a finaliza\u00e7\u00e3o dos seus cabelos com o Secador de Cabelos Brit\u00e2nia Linha Viih Tube Bivolt BSC21A. Potente e pr\u00e1tico, com 2100W e tecnologia bivolt, este Secador oferece efici\u00eancia m\u00e1xima em qualquer lugar. Com 3 temperaturas, 2 velocidades e jato de ar frio, possui 6 combina\u00e7\u00f5es para um ajuste perfeito \u00e0s suas necessidades. J\u00e1 a tecnologia \u00cdon Tourmaline deixa seus cabelos macios, brilhosos e sem frizz, proporcionando um acabamento profissional. O bocal concentrador facilita a secagem e modelagem, enquanto o difusor real\u00e7a a textura natural dos fios, criando cachos definidos e ondas suaves. Ideal para todos os tipos de cabelos. Sinta a satisfa\u00e7\u00e3o de sair com os cabelos finalizados e perfeitos, prontos para qualquer ocasi\u00e3o. Conte com o Secador de Cabelos Brit\u00e2nia Linha Viih Tube Bivolt 2100W BSC21A, sua beleza merece esse cuidado especial! \u2022 3 temperaturas dispon\u00edveis \u2022 Fun\u00e7\u00f5es: Tourmaline \u00edon \u2022 Acess\u00f3rios: Difusor e concentrador \u2022 Pot\u00eancia: 2100W \u2022 Anel para pendurar \u2022 Cord\u00e3o 360\u00b0 \u2022 2 velocidades dispon\u00edveis \u2022 Jato de ar frio \u2022 Tipo de motor: DC. Especifica\u00e7\u00f5es Dimens\u00f5es do produto Altura do produto 28 cm Largura do produto 26,5 cm Comprimento do produto 9 cm Peso do produto 0,64 kg Dimens\u00f5es de envio do produto Altura com embalagem 29 cm Largura com embalagem 23 cm Comprimento com embalagem 10,5 cm Peso com embalagem 0,83 kg Caracter\u00edsticas Pot\u00eancia (W) : 2100W Comprimento do cord\u00e3o el\u00e9trico (m) : 1,80m Garantia (Dias) : 360 Modelo : BSC21A Consumo (kW\/h) : 2,1kWh N\u00edveis de velocidade : 2 Cor :Rosa N\u00edveis de temperaturas : 3 Caracter\u00edsticas do Produto :Grade Traseira Remov\u00edvel Libera \u00cdons Cabo Dobr\u00e1vel Al\u00e7a para Pendurar Cabo Girat\u00f3rio Acess\u00f3rios : Difusor COMPRANDO AT\u00c9 AS 13 hrs , NA GRANDE S\u00c3O PAULO ENTREGAMOS NO MESMO DIA !<\/div>\n<\/div>\n<\/div>\n<div class=\"hidden border-on-surface-8 md:px-lg md:block md:py-md\" data-testid=\"tab-product-factsheet\">\n<h2 class=\"text-on-surface-2 font-md-bold md:font-title-large-highlight md:mb-md\" data-testid=\"product-factsheet-title\">Ficha T\u00e9cnica<\/h2>\n<div class=\"pt-2xsm\">\n<table class=\"w-full list-none\" data-testid=\"table-factsheet\">\n<tbody>\n<tr class=\"text-on-surface-3 even:bg-surface-container-lower\">\n<td class=\"px-md py-sm font-xsm-bold align-top table-cell w-1\/2\" data-testid=\"table-factsheet-key\">Voltagem<\/td>\n<td class=\"px-md py-sm font-xsm-regular list-item w-full align-top\">127V<\/td>\n<\/tr>\n<tr class=\"text-on-surface-3 even:bg-surface-container-lower\">\n<td class=\"px-md py-sm font-xsm-bold align-top table-cell w-1\/2\" data-testid=\"table-factsheet-key\">Acess\u00f3rios<\/td>\n<td class=\"px-md py-sm font-xsm-regular list-item w-full align-top\">Difusor e concentrador<\/td>\n<\/tr>\n<tr class=\"text-on-surface-3 even:bg-surface-container-lower\">\n<td class=\"px-md py-sm font-xsm-bold align-top table-cell w-1\/2\" data-testid=\"table-factsheet-key\">Comprimento do Cabo de Energia<\/td>\n<td class=\"px-md py-sm font-xsm-regular list-item w-full align-top\">1,80m<\/td>\n<\/tr>\n<tr class=\"text-on-surface-3 even:bg-surface-container-lower\">\n<td class=\"px-md py-sm font-xsm-bold align-top table-cell w-1\/2\" data-testid=\"table-factsheet-key\">Consumo Aproximado de Energia<\/td>\n<td class=\"px-md py-sm font-xsm-regular list-item w-full align-top\">2,1kWh<\/td>\n<\/tr>\n<tr class=\"text-on-surface-3 even:bg-surface-container-lower\">\n<td class=\"px-md py-sm font-xsm-bold align-top table-cell w-1\/2\" data-testid=\"table-factsheet-key\">Cor<\/td>\n<td class=\"px-md py-sm font-xsm-regular list-item w-full align-top\">Rosa<\/td>\n<\/tr>\n<tr class=\"text-on-surface-3 even:bg-surface-container-lower\">\n<td class=\"px-md py-sm font-xsm-bold align-top table-cell w-1\/2\" data-testid=\"table-factsheet-key\">Dimens\u00f5es do Produto<\/td>\n<td class=\"px-md py-sm font-xsm-regular list-item w-full align-top\">Altura do produto 28 cm Largura do produto 26,5 cm Comprimento do produto 9 cm<\/td>\n<\/tr>\n<tr class=\"text-on-surface-3 even:bg-surface-container-lower\">\n<td class=\"px-md py-sm font-xsm-bold align-top table-cell w-1\/2\" data-testid=\"table-factsheet-key\">Dimens\u00f5es do Produto com Embalagem<\/td>\n<td class=\"px-md py-sm font-xsm-regular list-item w-full align-top\">Altura com embalagem 29 cm Largura com embalagem 23 cm Comprimento com embalagem 10,5 cm<\/td>\n<\/tr>\n<tr class=\"text-on-surface-3 even:bg-surface-container-lower\">\n<td class=\"px-md py-sm font-xsm-bold align-top table-cell w-1\/2\" data-testid=\"table-factsheet-key\">Linha<\/td>\n<td class=\"px-md py-sm font-xsm-regular list-item w-full align-top\">Viih Tube<\/td>\n<\/tr>\n<tr class=\"text-on-surface-3 even:bg-surface-container-lower\">\n<td class=\"px-md py-sm font-xsm-bold align-top table-cell w-1\/2\" data-testid=\"table-factsheet-key\">Marca<\/td>\n<td class=\"px-md py-sm font-xsm-regular list-item w-full align-top\"><a class=\"hover:text-interaction-default underline\" href=\"https:\/\/www.magazineluiza.com.br\/marcas\/britania\/\">Brit\u00e2nia<\/a><\/td>\n<\/tr>\n<tr class=\"text-on-surface-3 even:bg-surface-container-lower\">\n<td class=\"px-md py-sm font-xsm-bold align-top table-cell w-1\/2\" data-testid=\"table-factsheet-key\">Modelo<\/td>\n<td class=\"px-md py-sm font-xsm-regular list-item w-full align-top\">BSC21A<\/td>\n<\/tr>\n<tr class=\"text-on-surface-3 even:bg-surface-container-lower\">\n<td class=\"px-md py-sm font-xsm-bold align-top table-cell w-1\/2\" data-testid=\"table-factsheet-key\">N\u00edveis de Temperatura<\/td>\n<td class=\"px-md py-sm font-xsm-regular list-item w-full align-top\">3<\/td>\n<\/tr>\n<tr class=\"text-on-surface-3 even:bg-surface-container-lower\">\n<td class=\"px-md py-sm font-xsm-bold align-top table-cell w-1\/2\" data-testid=\"table-factsheet-key\">Peso do Produto<\/td>\n<td class=\"px-md py-sm font-xsm-regular list-item w-full align-top\">0,64kg<\/td>\n<\/tr>\n<tr class=\"text-on-surface-3 even:bg-surface-container-lower\">\n<td class=\"px-md py-sm font-xsm-bold align-top table-cell w-1\/2\" data-testid=\"table-factsheet-key\">Peso do Produto com Embalagem<\/td>\n<td class=\"px-md py-sm font-xsm-regular list-item w-full align-top\">0,83kg<\/td>\n<\/tr>\n<tr class=\"text-on-surface-3 even:bg-surface-container-lower\">\n<td class=\"px-md py-sm font-xsm-bold align-top table-cell w-1\/2\" data-testid=\"table-factsheet-key\">Pot\u00eancia<\/td>\n<td class=\"px-md py-sm font-xsm-regular list-item w-full align-top\">2100W<\/td>\n<\/tr>\n<tr class=\"text-on-surface-3 even:bg-surface-container-lower\">\n<td class=\"px-md py-sm font-xsm-bold align-top table-cell w-1\/2\" data-testid=\"table-factsheet-key\">Prazo de Garantia<\/td>\n<td class=\"px-md py-sm font-xsm-regular list-item w-full align-top\">360 Dias<\/td>\n<\/tr>\n<tr class=\"text-on-surface-3 even:bg-surface-container-lower\">\n<td class=\"px-md py-sm font-xsm-bold align-top table-cell w-1\/2\" data-testid=\"table-factsheet-key\">Recomenda\u00e7\u00f5es de Uso<\/td>\n<td class=\"px-md py-sm font-xsm-regular list-item w-full align-top\">Ideal para todos os tipos de cabelos.<\/td>\n<\/tr>\n<tr class=\"text-on-surface-3 even:bg-surface-container-lower\">\n<td class=\"px-md py-sm font-xsm-bold align-top table-cell w-1\/2\" data-testid=\"table-factsheet-key\">Velocidades<\/td>\n<td class=\"px-md py-sm font-xsm-regular list-item w-full align-top\">2<\/td>\n<\/tr>\n<tr class=\"text-on-surface-3 even:bg-surface-container-lower\">\n<td class=\"px-md py-sm font-xsm-bold align-top table-cell w-1\/2\" data-testid=\"table-factsheet-key\">Voltagem<\/td>\n<td class=\"px-md py-sm font-xsm-regular list-item w-full align-top\">110V<\/td>\n<\/tr>\n<\/tbody>\n<\/table>\n<\/div>\n<\/div>\n","protected":false},"excerpt":{"rendered":"<p>Descri\u00e7\u00e3o e ficha t\u00e9cnica C\u00f3digo\u00a0kfa281hjb6 Secador de Cabelos Brit\u00e2nia Linha Viih Tube Bivolt BSC21A &#8211; Bivolt A Nova Linha de Cuidados Pessoais Viih Tube foi criada para acompanhar voc\u00ea em<\/p>\n","protected":false},"featured_media":15903,"comment_status":"open","ping_status":"closed","template":"","meta":[],"product_brand":[],"product_cat":[15],"product_tag":[],"class_list":{"0":"post-15902","1":"product","2":"type-product","3":"status-publish","4":"has-post-thumbnail","6":"product_cat-produtos","7":"product_shipping_class-pac","9":"first","10":"instock","11":"shipping-taxable","12":"purchasable","13":"product-type-simple"},"_links":{"self":[{"href":"https:\/\/ambrosioeletro.com.br\/v20\/wp-json\/wp\/v2\/product\/15902","targetHints":{"allow":["GET"]}}],"collection":[{"href":"https:\/\/ambrosioeletro.com.br\/v20\/wp-json\/wp\/v2\/product"}],"about":[{"href":"https:\/\/ambrosioeletro.com.br\/v20\/wp-json\/wp\/v2\/types\/product"}],"replies":[{"embeddable":true,"href":"https:\/\/ambrosioeletro.com.br\/v20\/wp-json\/wp\/v2\/comments?post=15902"}],"wp:featuredmedia":[{"embeddable":true,"href":"https:\/\/ambrosioeletro.com.br\/v20\/wp-json\/wp\/v2\/media\/15903"}],"wp:attachment":[{"href":"https:\/\/ambrosioeletro.com.br\/v20\/wp-json\/wp\/v2\/media?parent=15902"}],"wp:term":[{"taxonomy":"product_brand","embeddable":true,"href":"https:\/\/ambrosioeletro.com.br\/v20\/wp-json\/wp\/v2\/product_brand?post=15902"},{"taxonomy":"product_cat","embeddable":true,"href":"https:\/\/ambrosioeletro.com.br\/v20\/wp-json\/wp\/v2\/product_cat?post=15902"},{"taxonomy":"product_tag","embeddable":true,"href":"https:\/\/ambrosioeletro.com.br\/v20\/wp-json\/wp\/v2\/product_tag?post=15902"}],"curies":[{"name":"wp","href":"https:\/\/api.w.org\/{rel}","templated":true}]}}