{"id":15920,"date":"2026-04-23T17:03:37","date_gmt":"2026-04-23T20:03:37","guid":{"rendered":"https:\/\/ambrosioeletro.com.br\/v20\/?post_type=product&#038;p=15920"},"modified":"2026-04-23T17:03:37","modified_gmt":"2026-04-23T20:03:37","slug":"balcao-com-tabua-de-passar-02-portas-criativa-notavel-moveis-cor-branco","status":"publish","type":"product","link":"https:\/\/ambrosioeletro.com.br\/v20\/produto\/balcao-com-tabua-de-passar-02-portas-criativa-notavel-moveis-cor-branco\/","title":{"rendered":"Balc\u00e3o Com T\u00e1bua De Passar 02 Portas Criativa Not\u00e1vel M\u00f3veis Cor Branco"},"content":{"rendered":"<div class=\"relative px-md overflow-hidden border-on-surface-8 after:pointer-events-none after:absolute after:bottom-[0] after:left-[0] after:h-[72px] after:w-full after:bg-gradient-to-b after:from-[#FFFFFF00] after:to-[#FFFFFF] md:after:content-none md:px-lg max-md:border-b-thin\" data-testid=\"tab-product-detail\">\n<h2 class=\"text-on-surface-2 font-md-bold md:font-title-large-highlight md:mb-md\" data-testid=\"product-details-title\">Descri\u00e7\u00e3o e ficha t\u00e9cnica<\/h2>\n<div data-testid=\"product-detail\">\n<p class=\"mt-2xsm text-on-surface-4 font-xsm-regular\" data-testid=\"product-detail-code\">C\u00f3digo\u00a0djd4c4age2<\/p>\n<div class=\"mt-md font-xsm-regular\" data-testid=\"product-detail-description\">\n<p><strong>BALC\u00c3O T\u00c1BUA DE PASSAR 02 PORTA CRIATIVA<\/strong><\/p>\n<p>Para uma \u00e1rea de servi\u00e7o pr\u00e1tica e eficiente a T\u00e1bua de Passar Criativa, da Not\u00e1vel M\u00f3veis, \u00e9 essencial.<\/p>\n<p>Produzida em MDP e com acabamento em Pintura UV, ela possui suporte aramado para o ferro de passar, garantindo<\/p>\n<p>maior seguran\u00e7a no manuseio, e seu tampo \u00e9 com espuma e tecido. Al\u00e9m disso, possui 02 portas frontais com dobradi\u00e7as met\u00e1licas que garantem suavidade e seguran\u00e7a no abrir e fechar. Internamente, possui uma prateleira para uma melhor organiza\u00e7\u00e3o dos objetos. A T\u00e1bua de Passar Criativa dar\u00e1 o toque de praticidade que voc\u00ea procura.<\/p>\n<p>Possui puxadores em ABS e p\u00e9s em PP, prateleira interna para melhor organiza\u00e7\u00e3o, fitas de borda e toda estrutura em<\/p>\n<p>100% MDP de 15 mm com acabamento em pintura UV (ultravioleta) garantindo ao produto qualidade superior.<\/p>\n<p>Seu tampo \u00e9 convertido em uma t\u00e1bua de passar estofada. A pintura interna \u00e9 de mesma qualidade da externa<\/p>\n<p>proporcionando maior durabilidade e facilidade na sua limpeza.<\/p>\n<p>Medidas do Balc\u00e3o T\u00e1bua de Passar Criativa: Alt. 86,0 cm x Larg. 118,0 cm x Prof. 36,0 cm<\/p>\n<p>Ou: Alt. 860 mm x Larg. 1180 mm x Prof. 360 mm<\/p>\n<p>Conte\u00fado da embalagem: 01 balc\u00e3o t\u00e1bua de passar. Produto entregue em volume \u00fanico e desmontado.<\/p>\n<p><strong>Cuidados, conserva\u00e7\u00e3o e limpeza:<\/strong><\/p>\n<p>Evitar contato direto com objetos cortantes;<\/p>\n<p>Evitar contato direto com \u00e1gua;<\/p>\n<p>Evitar limpezas com esponjas de a\u00e7o de qualquer modelo;<\/p>\n<p>Evitar batidas e\/ou esfolamentos;<\/p>\n<p>Evitar contato com produtos qu\u00edmicos como: solventes em geral, removedor desengordurante, \u00e1lcool, acetona,<\/p>\n<p>limpadores multiuso, limpadores abrasivos ou qualquer produto que venha danificar sua estrutura.<\/p>\n<p>A limpeza deve ser realizada com pano levemente umedecido com \u00e1gua e detergente neutro, seguido de pano seco.<\/p>\n<p>Mantendo todos os padr\u00f5es de qualidade, o produto apresenta 90 dias de garantia contra defeito de fabrica\u00e7\u00e3o.<\/p>\n<p>Grau de dificuldade de montagem: f\u00e1cil.<\/p>\n<p>IMPORTANTE.<\/p>\n<p>Ao receber seu produto em casa, mesmo que n\u00e3o use ou monte imediatamente, abra a caixa e verifique se \u00e9 o<\/p>\n<p>produto adquirido, visualize se n\u00e3o est\u00e1 danificado ou se n\u00e3o est\u00e1 faltando componentes.<\/p>\n<p>Assim conseguiremos solucionar qualquer problema o mais breve poss\u00edvel;<\/p>\n<p>A montagem do produto deve seguir rigorosamente o manual de montagem a fim de n\u00e3o haver avarias ou erros.<\/p>\n<p>Mesmo o produto contendo manual verifique a complexidade de montagem antes de decidir mont\u00e1-lo sozinho,<\/p>\n<p>recomendamos sempre um profissional de sua confian\u00e7a;<\/p>\n<p>\u00c9 de inteira responsabilidade do cliente custos com a montagem do produto, instala\u00e7\u00e3o, transportes extras por<\/p>\n<p>escadas, elevadores, guincho ou i\u00e7amentos, assim como poss\u00edveis avarias recorrentes ao manuseio inadequado.<\/p>\n<p>N\u00e3o acompanha acess\u00f3rios ou outros m\u00f3veis que ambientam a imagem;<\/p>\n<p>Fotos meramente ilustrativas. (Pode haver pequenas varia\u00e7\u00f5es de tonalidade e percep\u00e7\u00f5es de tamanho).<\/p>\n<p><strong>DIFERENCIAIS:<\/strong><\/p>\n<p>Possui manual de montagem;<\/p>\n<p>F\u00e1cil montagem;<\/p>\n<p>Acabamento em pintura U.V;<\/p>\n<p>T\u00e1bua de passar estofada;<\/p>\n<p>Boa capacidade de armazenamento;<\/p>\n<p>Dobradi\u00e7as de press\u00e3o;<\/p>\n<p>Suporte para ferro de passar em arramado;<\/p>\n<p>Puxadores em ABS.<\/p>\n<\/div>\n<\/div>\n<\/div>\n<div class=\"hidden border-on-surface-8 md:px-lg md:block md:py-md\" data-testid=\"tab-product-factsheet\">\n<h2 class=\"text-on-surface-2 font-md-bold md:font-title-large-highlight md:mb-md\" data-testid=\"product-factsheet-title\">Ficha T\u00e9cnica<\/h2>\n<div class=\"pt-2xsm\">\n<table class=\"w-full list-none\" data-testid=\"table-factsheet\">\n<tbody>\n<tr class=\"text-on-surface-3 even:bg-surface-container-lower\">\n<td class=\"px-md py-sm font-xsm-bold align-top table-cell w-1\/2\" data-testid=\"table-factsheet-key\">Acabamento<\/td>\n<td class=\"px-md py-sm font-xsm-regular list-item w-full align-top\">Pintura U.V.<\/td>\n<\/tr>\n<tr class=\"text-on-surface-3 even:bg-surface-container-lower\">\n<td class=\"px-md py-sm font-xsm-bold align-top table-cell w-1\/2\" data-testid=\"table-factsheet-key\">Puxadores<\/td>\n<td class=\"px-md py-sm font-xsm-regular list-item w-full align-top\">Em ABS<\/td>\n<\/tr>\n<tr class=\"text-on-surface-3 even:bg-surface-container-lower\">\n<td class=\"px-md py-sm font-xsm-bold align-top table-cell w-1\/2\" data-testid=\"table-factsheet-key\">Com suporte<\/td>\n<td class=\"px-md py-sm font-xsm-regular list-item w-full align-top\">Para ferro em arramado<\/td>\n<\/tr>\n<tr class=\"text-on-surface-3 even:bg-surface-container-lower\">\n<td class=\"px-md py-sm font-xsm-bold align-top table-cell w-1\/2\" data-testid=\"table-factsheet-key\">T\u00e1bua de passar<\/td>\n<td class=\"px-md py-sm font-xsm-regular list-item w-full align-top\">Estofada<\/td>\n<\/tr>\n<tr class=\"text-on-surface-3 even:bg-surface-container-lower\">\n<td class=\"px-md py-sm font-xsm-bold align-top table-cell w-1\/2\" data-testid=\"table-factsheet-key\">Estrutura<\/td>\n<td class=\"px-md py-sm font-xsm-regular list-item w-full align-top\">100% em MDP 15 mm<\/td>\n<\/tr>\n<tr class=\"text-on-surface-3 even:bg-surface-container-lower\">\n<td class=\"px-md py-sm font-xsm-bold align-top table-cell w-1\/2\" data-testid=\"table-factsheet-key\">Prateleira<\/td>\n<td class=\"px-md py-sm font-xsm-regular list-item w-full align-top\">01 interna<\/td>\n<\/tr>\n<tr class=\"text-on-surface-3 even:bg-surface-container-lower\">\n<td class=\"px-md py-sm font-xsm-bold align-top table-cell w-1\/2\" data-testid=\"table-factsheet-key\">Registro do produto ANVISA<\/td>\n<td class=\"px-md py-sm font-xsm-regular list-item w-full align-top\">N\u00e3o se aplica<\/td>\n<\/tr>\n<tr class=\"text-on-surface-3 even:bg-surface-container-lower\">\n<td class=\"px-md py-sm font-xsm-bold align-top table-cell w-1\/2\" data-testid=\"table-factsheet-key\">Registro do produto Minist\u00e9rio da Agricultura (MAPA)<\/td>\n<td class=\"px-md py-sm font-xsm-regular list-item w-full align-top\">N\u00e3o se aplica<\/td>\n<\/tr>\n<tr class=\"text-on-surface-3 even:bg-surface-container-lower\">\n<td class=\"px-md py-sm font-xsm-bold align-top table-cell w-1\/2\" data-testid=\"table-factsheet-key\">Modelo<\/td>\n<td class=\"px-md py-sm font-xsm-regular list-item w-full align-top\">Balc\u00e3o com t\u00e1bua de passar<\/td>\n<\/tr>\n<tr class=\"text-on-surface-3 even:bg-surface-container-lower\">\n<td class=\"px-md py-sm font-xsm-bold align-top table-cell w-1\/2\" data-testid=\"table-factsheet-key\">Garantia<\/td>\n<td class=\"px-md py-sm font-xsm-regular list-item w-full align-top\">3 meses<\/td>\n<\/tr>\n<tr class=\"text-on-surface-3 even:bg-surface-container-lower\">\n<td class=\"px-md py-sm font-xsm-bold align-top table-cell w-1\/2\" data-testid=\"table-factsheet-key\">Acabamento<\/td>\n<td class=\"px-md py-sm font-xsm-regular list-item w-full align-top\">Pintura UV<\/td>\n<\/tr>\n<tr class=\"text-on-surface-3 even:bg-surface-container-lower\">\n<td class=\"px-md py-sm font-xsm-bold align-top table-cell w-1\/2\" data-testid=\"table-factsheet-key\">Conte\u00fado da Embalagem<\/td>\n<td class=\"px-md py-sm font-xsm-regular list-item w-full align-top\">01 balc\u00e3o t\u00e1bua de passar<\/td>\n<\/tr>\n<tr class=\"text-on-surface-3 even:bg-surface-container-lower\">\n<td class=\"px-md py-sm font-xsm-bold align-top table-cell w-1\/2\" data-testid=\"table-factsheet-key\">Cor<\/td>\n<td class=\"px-md py-sm font-xsm-regular list-item w-full align-top\">Branco<\/td>\n<\/tr>\n<tr class=\"text-on-surface-3 even:bg-surface-container-lower\">\n<td class=\"px-md py-sm font-xsm-bold align-top table-cell w-1\/2\" data-testid=\"table-factsheet-key\">Dimens\u00f5es do Produto<\/td>\n<td class=\"px-md py-sm font-xsm-regular list-item w-full align-top\">Alt. 86,0 cm x Larg. 118,0 cm x Prof. 36,0 cm<\/td>\n<\/tr>\n<tr class=\"text-on-surface-3 even:bg-surface-container-lower\">\n<td class=\"px-md py-sm font-xsm-bold align-top table-cell w-1\/2\" data-testid=\"table-factsheet-key\">Funcionalidades da T\u00e1bua de Passar<\/td>\n<td class=\"px-md py-sm font-xsm-regular list-item w-full align-top\">Suporte aramado para o ferro de passar, tampo estofado, 02 portas frontais, prateleira interna<\/td>\n<\/tr>\n<tr class=\"text-on-surface-3 even:bg-surface-container-lower\">\n<td class=\"px-md py-sm font-xsm-bold align-top table-cell w-1\/2\" data-testid=\"table-factsheet-key\">Linha<\/td>\n<td class=\"px-md py-sm font-xsm-regular list-item w-full align-top\">Criativa<\/td>\n<\/tr>\n<tr class=\"text-on-surface-3 even:bg-surface-container-lower\">\n<td class=\"px-md py-sm font-xsm-bold align-top table-cell w-1\/2\" data-testid=\"table-factsheet-key\">Marca<\/td>\n<td class=\"px-md py-sm font-xsm-regular list-item w-full align-top\"><a class=\"hover:text-interaction-default underline\" href=\"https:\/\/www.magazineluiza.com.br\/marcas\/notavel-moveis\/\">Not\u00e1vel M\u00f3veis<\/a><\/td>\n<\/tr>\n<tr class=\"text-on-surface-3 even:bg-surface-container-lower\">\n<td class=\"px-md py-sm font-xsm-bold align-top table-cell w-1\/2\" data-testid=\"table-factsheet-key\">Material da Estrutura<\/td>\n<td class=\"px-md py-sm font-xsm-regular list-item w-full align-top\">MDP<\/td>\n<\/tr>\n<tr class=\"text-on-surface-3 even:bg-surface-container-lower\">\n<td class=\"px-md py-sm font-xsm-bold align-top table-cell w-1\/2\" data-testid=\"table-factsheet-key\">Modelo<\/td>\n<td class=\"px-md py-sm font-xsm-regular list-item w-full align-top\">Balc\u00e3o com t\u00e1bua de passar<\/td>\n<\/tr>\n<tr class=\"text-on-surface-3 even:bg-surface-container-lower\">\n<td class=\"px-md py-sm font-xsm-bold align-top table-cell w-1\/2\" data-testid=\"table-factsheet-key\">Prazo de Garantia<\/td>\n<td class=\"px-md py-sm font-xsm-regular list-item w-full align-top\">90 dias<\/td>\n<\/tr>\n<tr class=\"text-on-surface-3 even:bg-surface-container-lower\">\n<td class=\"px-md py-sm font-xsm-bold align-top table-cell w-1\/2\" data-testid=\"table-factsheet-key\">Tipo de T\u00e1bua de Passar<\/td>\n<td class=\"px-md py-sm font-xsm-regular list-item w-full align-top\">Balc\u00e3o com t\u00e1bua de passar<\/td>\n<\/tr>\n<\/tbody>\n<\/table>\n<\/div>\n<\/div>\n","protected":false},"excerpt":{"rendered":"<p>Descri\u00e7\u00e3o e ficha t\u00e9cnica C\u00f3digo\u00a0djd4c4age2 BALC\u00c3O T\u00c1BUA DE PASSAR 02 PORTA CRIATIVA Para uma \u00e1rea de servi\u00e7o pr\u00e1tica e eficiente a T\u00e1bua de Passar Criativa, da Not\u00e1vel M\u00f3veis, \u00e9 essencial.<\/p>\n","protected":false},"featured_media":15923,"comment_status":"open","ping_status":"closed","template":"","meta":[],"product_brand":[],"product_cat":[15],"product_tag":[],"class_list":{"0":"post-15920","1":"product","2":"type-product","3":"status-publish","4":"has-post-thumbnail","6":"product_cat-produtos","7":"product_shipping_class-pac","9":"first","10":"instock","11":"shipping-taxable","12":"purchasable","13":"product-type-simple"},"_links":{"self":[{"href":"https:\/\/ambrosioeletro.com.br\/v20\/wp-json\/wp\/v2\/product\/15920","targetHints":{"allow":["GET"]}}],"collection":[{"href":"https:\/\/ambrosioeletro.com.br\/v20\/wp-json\/wp\/v2\/product"}],"about":[{"href":"https:\/\/ambrosioeletro.com.br\/v20\/wp-json\/wp\/v2\/types\/product"}],"replies":[{"embeddable":true,"href":"https:\/\/ambrosioeletro.com.br\/v20\/wp-json\/wp\/v2\/comments?post=15920"}],"wp:featuredmedia":[{"embeddable":true,"href":"https:\/\/ambrosioeletro.com.br\/v20\/wp-json\/wp\/v2\/media\/15923"}],"wp:attachment":[{"href":"https:\/\/ambrosioeletro.com.br\/v20\/wp-json\/wp\/v2\/media?parent=15920"}],"wp:term":[{"taxonomy":"product_brand","embeddable":true,"href":"https:\/\/ambrosioeletro.com.br\/v20\/wp-json\/wp\/v2\/product_brand?post=15920"},{"taxonomy":"product_cat","embeddable":true,"href":"https:\/\/ambrosioeletro.com.br\/v20\/wp-json\/wp\/v2\/product_cat?post=15920"},{"taxonomy":"product_tag","embeddable":true,"href":"https:\/\/ambrosioeletro.com.br\/v20\/wp-json\/wp\/v2\/product_tag?post=15920"}],"curies":[{"name":"wp","href":"https:\/\/api.w.org\/{rel}","templated":true}]}}