{"id":15924,"date":"2026-04-24T10:49:18","date_gmt":"2026-04-24T13:49:18","guid":{"rendered":"https:\/\/ambrosioeletro.com.br\/v20\/?post_type=product&#038;p=15924"},"modified":"2026-04-24T11:06:14","modified_gmt":"2026-04-24T14:06:14","slug":"geladeira-refrigerador-brastemp-frost-free-french-door-inox-559l-bro85mkana","status":"publish","type":"product","link":"https:\/\/ambrosioeletro.com.br\/v20\/produto\/geladeira-refrigerador-brastemp-frost-free-french-door-inox-559l-bro85mkana\/","title":{"rendered":"Geladeira\/Refrigerador Brastemp Frost Free French Door Inox 559L BRO85MKANA"},"content":{"rendered":"<p>Descri\u00e7\u00e3o e ficha t\u00e9cnica<br \/>\nC\u00f3digo 240941300<\/p>\n<p>A geladeira\/refrigerador Brastemp Frost Free French Door BRO85MKANA na cor inox \u00e9 a escolha definitiva para quem busca sofistica\u00e7\u00e3o, alta capacidade e tecnologia de ponta na cozinha. Com um design moderno e funcional, este refrigerador se destaca pela configura\u00e7\u00e3o French Door, que posiciona o freezer na parte inferior e deixa os alimentos frescos sempre ao alcance dos olhos. Sua impressionante capacidade l\u00edquida total de 559L \u00e9 ideal para fam\u00edlias que precisam de organiza\u00e7\u00e3o inteligente e amplo espa\u00e7o interno. Equipada com a tecnologia Frost Free, ela dispensa o degelo manual, garantindo praticidade no dia a dia. O acabamento na cor inox confere durabilidade e um toque premium ao ambiente.<br \/>\nFicha T\u00e9cnica<br \/>\nMarca<br \/>\nBrastemp<br \/>\nRefer\u00eancia<br \/>\nBRO85MK<br \/>\nModelo<br \/>\nBRO85MKANA<br \/>\nTipo de Degelo<br \/>\nFrost Free<br \/>\nPorta<br \/>\nFrench Door<br \/>\nQuantidade de Portas<br \/>\n3 portas<br \/>\nCapacidade L\u00edquida Total<br \/>\n559L<br \/>\nCapacidade L\u00edquida do Refrigerador<br \/>\n381L<br \/>\nCapacidade L\u00edquida do Freezer<br \/>\n178L<br \/>\nCor<br \/>\nInox<br \/>\nTemperatura<br \/>\n-18\u00baC<br \/>\nCompartimentos Internos<br \/>\nGaveta de legumes, Gaveta freezer superior, Gaveta Freezer Inferior, Cesto Delicates, Prateleiras de porta, Infinity Shelf<br \/>\nEfici\u00eancia Energ\u00e9tica<br \/>\nA<br \/>\nVoltagem<br \/>\n110V<br \/>\nTipo de Tomada<br \/>\n10A<br \/>\nConsumo Aproximado de Energia<br \/>\n31,3kWh\/m\u00eas<br \/>\nCertificado Homologado pelo Inmetro N\u00famero<br \/>\n005218\/2016<br \/>\nPeso do Produto<br \/>\n86kg<br \/>\nPeso do Produto com Embalagem<br \/>\n90kg<br \/>\nDimens\u00f5es do Produto<br \/>\nLargura 83,6cm Altura 185,7cm Profundidade 79,3cm<br \/>\nDimens\u00f5es do Produto com Embalagem<br \/>\nLargura 87,1cm Altura 191,8cm Profundidade 82,3cm<br \/>\nPrazo de Garantia<br \/>\n01 ano (3 meses de garantia legal e mais 9 meses de garantia especial concedida pelo fabricante)<br \/>\nConte\u00fado da Embalagem<br \/>\n1 Geladeira\/Refrigerador e Manual do usu\u00e1rio<br \/>\nCaracter\u00edsticas<br \/>\nTecnologia Xpert Inverter: Refrigera\u00e7\u00e3o de alta performance e estabilidade de temperatura que economiza at\u00e9 25% de energia. A Tecnologia Xpert Inverter entrega efici\u00eancia energ\u00e9tica e melhor desempenho na preserva\u00e7\u00e3o de alimentos. Safe Power: A Tecnologia Safe Power preserva os seus alimentos e os mant\u00e9m congelados por at\u00e9 12h ap\u00f3s a falta de energia, e ainda ajuda a proteger a sua geladeira contra picos de energia. Resist\u00eancia e durabilidade que s\u00f3 poderiam ser Brastemp. Fresh Box com Espa\u00e7o Delicates: O frescor da caixa da feira para a sua geladeira! Tecnologia que preserva frutas e legumes frescos por at\u00e9 15* dias, com Espa\u00e7o Delicates para armazenar os alimentos delicados. Smart Cold: Geladeira cheia ou vazia? Abre e fecha o tempo todo? A tecnologia Smart Cold controla de forma precisa a temperatura do seu refrigerador garantindo menos oscila\u00e7\u00f5es e melhor preserva\u00e7\u00e3o dos alimentos, mesmo com frequente abertura de portas. Carbon AirFilter: Acabe com os odores indesej\u00e1veis, inclusive o mau cheiro causado por bact\u00e9rias. O filtro de carbono purifica o ar interno constantemente para voc\u00ea n\u00e3o precisar se preocupar com cheiro de peixe ou \u00e1gua com gosto de geladeira. Smart Flow: Lugar de alimento \u00e9 na prateleira que voc\u00ea quiser! Tecnologia que distribui o ar frio igualmente na geladeira, deixando todos os compartimentos com a mesma temperatura, para voc\u00ea organizar tudo do seu pr\u00f3prio jeito. Twist Ice Advanced: Refresque seu dia com apenas um giro! Com essa tecnologia, \u00e9 s\u00f3 encher o abastecedor e girar a forminha para ter todo o gelo que precisa, sem se preocupar com respingos de \u00e1gua. Prateleiras Infinity: Mais liberdade e visibilidade para organizar tudo do seu jeito. As prateleiras de vidro temperado e borda infinita combinadas \u00e0 ilumina\u00e7\u00e3o em LED oferecem uma vis\u00e3o panor\u00e2mica e clara no interior da geladeira. Design feito para voc\u00ea ter tudo ao alcance dos seus olhos. Design Sofisticado: Abra as portas para um mundo de sofistica\u00e7\u00e3o e exclusividade com o design que impressiona pela qualidade em todos os detalhes, por dentro e por fora, do acabamento premium em cor inox escovado aos puxadores elegantes<\/p>\n","protected":false},"excerpt":{"rendered":"<p>Descri\u00e7\u00e3o e ficha t\u00e9cnica C\u00f3digo 240941300 A geladeira\/refrigerador Brastemp Frost Free French Door BRO85MKANA na cor inox \u00e9 a escolha definitiva para quem busca sofistica\u00e7\u00e3o, alta capacidade e tecnologia de<\/p>\n","protected":false},"featured_media":15931,"comment_status":"open","ping_status":"closed","template":"","meta":[],"product_brand":[],"product_cat":[15],"product_tag":[],"class_list":{"0":"post-15924","1":"product","2":"type-product","3":"status-publish","4":"has-post-thumbnail","6":"product_cat-produtos","7":"product_shipping_class-retirar-no-local","9":"first","10":"instock","11":"shipping-taxable","12":"purchasable","13":"product-type-simple"},"_links":{"self":[{"href":"https:\/\/ambrosioeletro.com.br\/v20\/wp-json\/wp\/v2\/product\/15924","targetHints":{"allow":["GET"]}}],"collection":[{"href":"https:\/\/ambrosioeletro.com.br\/v20\/wp-json\/wp\/v2\/product"}],"about":[{"href":"https:\/\/ambrosioeletro.com.br\/v20\/wp-json\/wp\/v2\/types\/product"}],"replies":[{"embeddable":true,"href":"https:\/\/ambrosioeletro.com.br\/v20\/wp-json\/wp\/v2\/comments?post=15924"}],"wp:featuredmedia":[{"embeddable":true,"href":"https:\/\/ambrosioeletro.com.br\/v20\/wp-json\/wp\/v2\/media\/15931"}],"wp:attachment":[{"href":"https:\/\/ambrosioeletro.com.br\/v20\/wp-json\/wp\/v2\/media?parent=15924"}],"wp:term":[{"taxonomy":"product_brand","embeddable":true,"href":"https:\/\/ambrosioeletro.com.br\/v20\/wp-json\/wp\/v2\/product_brand?post=15924"},{"taxonomy":"product_cat","embeddable":true,"href":"https:\/\/ambrosioeletro.com.br\/v20\/wp-json\/wp\/v2\/product_cat?post=15924"},{"taxonomy":"product_tag","embeddable":true,"href":"https:\/\/ambrosioeletro.com.br\/v20\/wp-json\/wp\/v2\/product_tag?post=15924"}],"curies":[{"name":"wp","href":"https:\/\/api.w.org\/{rel}","templated":true}]}}