{"id":6020,"date":"2020-04-17T15:31:48","date_gmt":"2020-04-17T18:31:48","guid":{"rendered":"http:\/\/ambrosioeletro.com.br\/v20\/?post_type=product&#038;p=6020"},"modified":"2026-02-24T08:38:06","modified_gmt":"2026-02-24T11:38:06","slug":"refrigerador-consul-crd37-334-litros-cycle-defrost-branco-110v","status":"publish","type":"product","link":"https:\/\/ambrosioeletro.com.br\/v20\/produto\/refrigerador-consul-crd37-334-litros-cycle-defrost-branco-110v\/","title":{"rendered":"Refrigerador Consul CRD37 334 Litros Cycle Defrost Branco 110v"},"content":{"rendered":"<table class=\"TableUI-v0rmpz-0 cWCwoD\">\n<tbody class=\"TBody-sc-1wy23hs-2 hggNOx\">\n<tr class=\"Tr-sc-1wy23hs-3 cNwYXF\">\n<td class=\"Td-sc-1wy23hs-5 ljIgLj\"><span class=\"TextUI-sc-12tokcy-0 bLZSPZ\">C\u00f3digo<\/span><\/td>\n<td class=\"Td-sc-1wy23hs-5 ljIgLj\"><span class=\"TextUI-sc-12tokcy-0 bLZSPZ\">110267814<\/span><\/td>\n<\/tr>\n<tr class=\"Tr-sc-1wy23hs-3 cNwYXF\">\n<td class=\"Td-sc-1wy23hs-5 ljIgLj\"><span class=\"TextUI-sc-12tokcy-0 bLZSPZ\">C\u00f3digo de barras<\/span><\/td>\n<td class=\"Td-sc-1wy23hs-5 ljIgLj\"><span class=\"TextUI-sc-12tokcy-0 bLZSPZ\">7891129195448, 7891129195455<\/span><\/td>\n<\/tr>\n<tr class=\"Tr-sc-1wy23hs-3 cNwYXF\">\n<td class=\"Td-sc-1wy23hs-5 ljIgLj\"><span class=\"TextUI-sc-12tokcy-0 bLZSPZ\">Marca<\/span><\/td>\n<td class=\"Td-sc-1wy23hs-5 ljIgLj\"><span class=\"TextUI-sc-12tokcy-0 bLZSPZ\">Consul<\/span><\/td>\n<\/tr>\n<tr class=\"Tr-sc-1wy23hs-3 cNwYXF\">\n<td class=\"Td-sc-1wy23hs-5 ljIgLj\"><span class=\"TextUI-sc-12tokcy-0 bLZSPZ\">Material\/Composi\u00e7\u00e3o<\/span><\/td>\n<td class=\"Td-sc-1wy23hs-5 ljIgLj\"><span class=\"TextUI-sc-12tokcy-0 bLZSPZ\">Material El\u00e9trico<\/span><\/td>\n<\/tr>\n<tr class=\"Tr-sc-1wy23hs-3 cNwYXF\">\n<td class=\"Td-sc-1wy23hs-5 ljIgLj\"><span class=\"TextUI-sc-12tokcy-0 bLZSPZ\">Capacidade l\u00edquida<\/span><\/td>\n<td class=\"Td-sc-1wy23hs-5 ljIgLj\"><span class=\"TextUI-sc-12tokcy-0 bLZSPZ\">76 Litros<\/span><\/td>\n<\/tr>\n<tr class=\"Tr-sc-1wy23hs-3 cNwYXF\">\n<td class=\"Td-sc-1wy23hs-5 ljIgLj\"><span class=\"TextUI-sc-12tokcy-0 bLZSPZ\">Capacidade Total de Armazenamento (em litros)<\/span><\/td>\n<td class=\"Td-sc-1wy23hs-5 ljIgLj\"><span class=\"TextUI-sc-12tokcy-0 bLZSPZ\">334L<\/span><\/td>\n<\/tr>\n<tr class=\"Tr-sc-1wy23hs-3 cNwYXF\">\n<td class=\"Td-sc-1wy23hs-5 ljIgLj\"><span class=\"TextUI-sc-12tokcy-0 bLZSPZ\">Consumo (Kw\/h)<\/span><\/td>\n<td class=\"Td-sc-1wy23hs-5 ljIgLj\"><span class=\"TextUI-sc-12tokcy-0 bLZSPZ\">43,5<\/span><\/td>\n<\/tr>\n<tr class=\"Tr-sc-1wy23hs-3 cNwYXF\">\n<td class=\"Td-sc-1wy23hs-5 ljIgLj\"><span class=\"TextUI-sc-12tokcy-0 bLZSPZ\">Cor<\/span><\/td>\n<td class=\"Td-sc-1wy23hs-5 ljIgLj\"><span class=\"TextUI-sc-12tokcy-0 bLZSPZ\">Branco<\/span><\/td>\n<\/tr>\n<tr class=\"Tr-sc-1wy23hs-3 cNwYXF\">\n<td class=\"Td-sc-1wy23hs-5 ljIgLj\"><span class=\"TextUI-sc-12tokcy-0 bLZSPZ\">Selo Procel<\/span><\/td>\n<td class=\"Td-sc-1wy23hs-5 ljIgLj\"><span class=\"TextUI-sc-12tokcy-0 bLZSPZ\">Sim<\/span><\/td>\n<\/tr>\n<tr class=\"Tr-sc-1wy23hs-3 cNwYXF\">\n<td class=\"Td-sc-1wy23hs-5 ljIgLj\"><span class=\"TextUI-sc-12tokcy-0 bLZSPZ\">Grades remov\u00edveis<\/span><\/td>\n<td class=\"Td-sc-1wy23hs-5 ljIgLj\"><span class=\"TextUI-sc-12tokcy-0 bLZSPZ\">Sim<\/span><\/td>\n<\/tr>\n<tr class=\"Tr-sc-1wy23hs-3 cNwYXF\">\n<td class=\"Td-sc-1wy23hs-5 ljIgLj\"><span class=\"TextUI-sc-12tokcy-0 bLZSPZ\">Porta latic\u00ednios<\/span><\/td>\n<td class=\"Td-sc-1wy23hs-5 ljIgLj\"><span class=\"TextUI-sc-12tokcy-0 bLZSPZ\">N\u00e3o<\/span><\/td>\n<\/tr>\n<tr class=\"Tr-sc-1wy23hs-3 cNwYXF\">\n<td class=\"Td-sc-1wy23hs-5 ljIgLj\"><span class=\"TextUI-sc-12tokcy-0 bLZSPZ\">Dispenser de \u00e1gua externo\/interno<\/span><\/td>\n<td class=\"Td-sc-1wy23hs-5 ljIgLj\"><span class=\"TextUI-sc-12tokcy-0 bLZSPZ\">N\u00e3o<\/span><\/td>\n<\/tr>\n<tr class=\"Tr-sc-1wy23hs-3 cNwYXF\">\n<td class=\"Td-sc-1wy23hs-5 ljIgLj\"><span class=\"TextUI-sc-12tokcy-0 bLZSPZ\">Prateleiras na porta<\/span><\/td>\n<td class=\"Td-sc-1wy23hs-5 ljIgLj\"><span class=\"TextUI-sc-12tokcy-0 bLZSPZ\">Sim<\/span><\/td>\n<\/tr>\n<tr class=\"Tr-sc-1wy23hs-3 cNwYXF\">\n<td class=\"Td-sc-1wy23hs-5 ljIgLj\"><span class=\"TextUI-sc-12tokcy-0 bLZSPZ\">Prateleiras de vidro temperado<\/span><\/td>\n<td class=\"Td-sc-1wy23hs-5 ljIgLj\"><span class=\"TextUI-sc-12tokcy-0 bLZSPZ\">N\u00e3o<\/span><\/td>\n<\/tr>\n<tr class=\"Tr-sc-1wy23hs-3 cNwYXF\">\n<td class=\"Td-sc-1wy23hs-5 ljIgLj\"><span class=\"TextUI-sc-12tokcy-0 bLZSPZ\">Recipiente para guardar gelo<\/span><\/td>\n<td class=\"Td-sc-1wy23hs-5 ljIgLj\"><span class=\"TextUI-sc-12tokcy-0 bLZSPZ\">Sim<\/span><\/td>\n<\/tr>\n<tr class=\"Tr-sc-1wy23hs-3 cNwYXF\">\n<td class=\"Td-sc-1wy23hs-5 ljIgLj\"><span class=\"TextUI-sc-12tokcy-0 bLZSPZ\">Prateleiras regul\u00e1veis<\/span><\/td>\n<td class=\"Td-sc-1wy23hs-5 ljIgLj\"><span class=\"TextUI-sc-12tokcy-0 bLZSPZ\">Sim<\/span><\/td>\n<\/tr>\n<tr class=\"Tr-sc-1wy23hs-3 cNwYXF\">\n<td class=\"Td-sc-1wy23hs-5 ljIgLj\"><span class=\"TextUI-sc-12tokcy-0 bLZSPZ\">Desodorizador<\/span><\/td>\n<td class=\"Td-sc-1wy23hs-5 ljIgLj\"><span class=\"TextUI-sc-12tokcy-0 bLZSPZ\">N\u00e3o<\/span><\/td>\n<\/tr>\n<tr class=\"Tr-sc-1wy23hs-3 cNwYXF\">\n<td class=\"Td-sc-1wy23hs-5 ljIgLj\"><span class=\"TextUI-sc-12tokcy-0 bLZSPZ\">Ilumina\u00e7\u00e3o interna<\/span><\/td>\n<td class=\"Td-sc-1wy23hs-5 ljIgLj\"><span class=\"TextUI-sc-12tokcy-0 bLZSPZ\">Sim<\/span><\/td>\n<\/tr>\n<tr class=\"Tr-sc-1wy23hs-3 cNwYXF\">\n<td class=\"Td-sc-1wy23hs-5 ljIgLj\"><span class=\"TextUI-sc-12tokcy-0 bLZSPZ\">Alarme de porta aberta<\/span><\/td>\n<td class=\"Td-sc-1wy23hs-5 ljIgLj\"><span class=\"TextUI-sc-12tokcy-0 bLZSPZ\">N\u00e3o<\/span><\/td>\n<\/tr>\n<tr class=\"Tr-sc-1wy23hs-3 cNwYXF\">\n<td class=\"Td-sc-1wy23hs-5 ljIgLj\"><span class=\"TextUI-sc-12tokcy-0 bLZSPZ\">Compartimento extra frio<\/span><\/td>\n<td class=\"Td-sc-1wy23hs-5 ljIgLj\"><span class=\"TextUI-sc-12tokcy-0 bLZSPZ\">N\u00e3o<\/span><\/td>\n<\/tr>\n<tr class=\"Tr-sc-1wy23hs-3 cNwYXF\">\n<td class=\"Td-sc-1wy23hs-5 ljIgLj\"><span class=\"TextUI-sc-12tokcy-0 bLZSPZ\">Compartimento congelamento r\u00e1pido<\/span><\/td>\n<td class=\"Td-sc-1wy23hs-5 ljIgLj\"><span class=\"TextUI-sc-12tokcy-0 bLZSPZ\">N\u00e3o<\/span><\/td>\n<\/tr>\n<tr class=\"Tr-sc-1wy23hs-3 cNwYXF\">\n<td class=\"Td-sc-1wy23hs-5 ljIgLj\"><span class=\"TextUI-sc-12tokcy-0 bLZSPZ\">Gaveta<\/span><\/td>\n<td class=\"Td-sc-1wy23hs-5 ljIgLj\"><span class=\"TextUI-sc-12tokcy-0 bLZSPZ\">Sim<\/span><\/td>\n<\/tr>\n<tr class=\"Tr-sc-1wy23hs-3 cNwYXF\">\n<td class=\"Td-sc-1wy23hs-5 ljIgLj\"><span class=\"TextUI-sc-12tokcy-0 bLZSPZ\">Porta ovos<\/span><\/td>\n<td class=\"Td-sc-1wy23hs-5 ljIgLj\"><span class=\"TextUI-sc-12tokcy-0 bLZSPZ\">Sim<\/span><\/td>\n<\/tr>\n<tr class=\"Tr-sc-1wy23hs-3 cNwYXF\">\n<td class=\"Td-sc-1wy23hs-5 ljIgLj\"><span class=\"TextUI-sc-12tokcy-0 bLZSPZ\">Separador de garrafas<\/span><\/td>\n<td class=\"Td-sc-1wy23hs-5 ljIgLj\"><span class=\"TextUI-sc-12tokcy-0 bLZSPZ\">Sim<\/span><\/td>\n<\/tr>\n<tr class=\"Tr-sc-1wy23hs-3 cNwYXF\">\n<td class=\"Td-sc-1wy23hs-5 ljIgLj\"><span class=\"TextUI-sc-12tokcy-0 bLZSPZ\">Degelo autom\u00e1tico<\/span><\/td>\n<td class=\"Td-sc-1wy23hs-5 ljIgLj\"><span class=\"TextUI-sc-12tokcy-0 bLZSPZ\">N\u00e3o<\/span><\/td>\n<\/tr>\n<tr class=\"Tr-sc-1wy23hs-3 cNwYXF\">\n<td class=\"Td-sc-1wy23hs-5 ljIgLj\"><span class=\"TextUI-sc-12tokcy-0 bLZSPZ\">Rod\u00edzios<\/span><\/td>\n<td class=\"Td-sc-1wy23hs-5 ljIgLj\"><span class=\"TextUI-sc-12tokcy-0 bLZSPZ\">N\u00e3o<\/span><\/td>\n<\/tr>\n<tr class=\"Tr-sc-1wy23hs-3 cNwYXF\">\n<td class=\"Td-sc-1wy23hs-5 ljIgLj\"><span class=\"TextUI-sc-12tokcy-0 bLZSPZ\">P\u00e9s niveladores<\/span><\/td>\n<td class=\"Td-sc-1wy23hs-5 ljIgLj\"><span class=\"TextUI-sc-12tokcy-0 bLZSPZ\">Sim<\/span><\/td>\n<\/tr>\n<tr class=\"Tr-sc-1wy23hs-3 cNwYXF\">\n<td class=\"Td-sc-1wy23hs-5 ljIgLj\"><span class=\"TextUI-sc-12tokcy-0 bLZSPZ\">Porta latas<\/span><\/td>\n<td class=\"Td-sc-1wy23hs-5 ljIgLj\"><span class=\"TextUI-sc-12tokcy-0 bLZSPZ\">N\u00e3o<\/span><\/td>\n<\/tr>\n<tr class=\"Tr-sc-1wy23hs-3 cNwYXF\">\n<td class=\"Td-sc-1wy23hs-5 ljIgLj\"><span class=\"TextUI-sc-12tokcy-0 bLZSPZ\">Porta revers\u00edvel<\/span><\/td>\n<td class=\"Td-sc-1wy23hs-5 ljIgLj\"><span class=\"TextUI-sc-12tokcy-0 bLZSPZ\">N\u00e3o<\/span><\/td>\n<\/tr>\n<tr class=\"Tr-sc-1wy23hs-3 cNwYXF\">\n<td class=\"Td-sc-1wy23hs-5 ljIgLj\"><span class=\"TextUI-sc-12tokcy-0 bLZSPZ\">Painel eletr\u00f4nico<\/span><\/td>\n<td class=\"Td-sc-1wy23hs-5 ljIgLj\"><span class=\"TextUI-sc-12tokcy-0 bLZSPZ\">N\u00e3o<\/span><\/td>\n<\/tr>\n<tr class=\"Tr-sc-1wy23hs-3 cNwYXF\">\n<td class=\"Td-sc-1wy23hs-5 ljIgLj\"><span class=\"TextUI-sc-12tokcy-0 bLZSPZ\">Controle de temperatura<\/span><\/td>\n<td class=\"Td-sc-1wy23hs-5 ljIgLj\"><span class=\"TextUI-sc-12tokcy-0 bLZSPZ\">Sim<\/span><\/td>\n<\/tr>\n<tr class=\"Tr-sc-1wy23hs-3 cNwYXF\">\n<td class=\"Td-sc-1wy23hs-5 ljIgLj\"><span class=\"TextUI-sc-12tokcy-0 bLZSPZ\">Congelador<\/span><\/td>\n<td class=\"Td-sc-1wy23hs-5 ljIgLj\"><span class=\"TextUI-sc-12tokcy-0 bLZSPZ\">Sim<\/span><\/td>\n<\/tr>\n<tr class=\"Tr-sc-1wy23hs-3 cNwYXF\">\n<td class=\"Td-sc-1wy23hs-5 ljIgLj\"><span class=\"TextUI-sc-12tokcy-0 bLZSPZ\">Trava de seguran\u00e7a<\/span><\/td>\n<td class=\"Td-sc-1wy23hs-5 ljIgLj\"><span class=\"TextUI-sc-12tokcy-0 bLZSPZ\">N\u00e3o<\/span><\/td>\n<\/tr>\n<tr class=\"Tr-sc-1wy23hs-3 cNwYXF\">\n<td class=\"Td-sc-1wy23hs-5 ljIgLj\"><span class=\"TextUI-sc-12tokcy-0 bLZSPZ\">Timer<\/span><\/td>\n<td class=\"Td-sc-1wy23hs-5 ljIgLj\"><span class=\"TextUI-sc-12tokcy-0 bLZSPZ\">Sim<\/span><\/td>\n<\/tr>\n<tr class=\"Tr-sc-1wy23hs-3 cNwYXF\">\n<td class=\"Td-sc-1wy23hs-5 ljIgLj\"><span class=\"TextUI-sc-12tokcy-0 bLZSPZ\">Mostrador frontal de temperatura<\/span><\/td>\n<td class=\"Td-sc-1wy23hs-5 ljIgLj\"><span class=\"TextUI-sc-12tokcy-0 bLZSPZ\">N\u00e3o<\/span><\/td>\n<\/tr>\n<tr class=\"Tr-sc-1wy23hs-3 cNwYXF\">\n<td class=\"Td-sc-1wy23hs-5 ljIgLj\"><span class=\"TextUI-sc-12tokcy-0 bLZSPZ\">Conte\u00fado da embalagem<\/span><\/td>\n<td class=\"Td-sc-1wy23hs-5 ljIgLj\"><span class=\"TextUI-sc-12tokcy-0 bLZSPZ\">1 refrigerador e manual de instru\u00e7\u00f5es<\/span><\/td>\n<\/tr>\n<tr class=\"Tr-sc-1wy23hs-3 cNwYXF\">\n<td class=\"Td-sc-1wy23hs-5 ljIgLj\"><span class=\"TextUI-sc-12tokcy-0 bLZSPZ\">Voltagem<\/span><\/td>\n<td class=\"Td-sc-1wy23hs-5 ljIgLj\"><span class=\"TextUI-sc-12tokcy-0 bLZSPZ\">110V ou 220V ( N\u00e3o \u00e9 BIvolt)<\/span><\/td>\n<\/tr>\n<tr class=\"Tr-sc-1wy23hs-3 cNwYXF\">\n<td class=\"Td-sc-1wy23hs-5 ljIgLj\"><span class=\"TextUI-sc-12tokcy-0 bLZSPZ\">Dimens\u00f5es aproximadas do produto &#8211; cm (AxLxP)<\/span><\/td>\n<td class=\"Td-sc-1wy23hs-5 ljIgLj\"><span class=\"TextUI-sc-12tokcy-0 bLZSPZ\">166,9&#215;60,3&#215;63,4<\/span><\/td>\n<\/tr>\n<tr class=\"Tr-sc-1wy23hs-3 cNwYXF\">\n<td class=\"Td-sc-1wy23hs-5 ljIgLj\"><span class=\"TextUI-sc-12tokcy-0 bLZSPZ\">Peso aproximado do produto (Kg)<\/span><\/td>\n<td class=\"Td-sc-1wy23hs-5 ljIgLj\"><span class=\"TextUI-sc-12tokcy-0 bLZSPZ\">58kg<\/span><\/td>\n<\/tr>\n<tr class=\"Tr-sc-1wy23hs-3 cNwYXF\">\n<td class=\"Td-sc-1wy23hs-5 ljIgLj\"><span class=\"TextUI-sc-12tokcy-0 bLZSPZ\">Garantia do Fornecedor<\/span><\/td>\n<td class=\"Td-sc-1wy23hs-5 ljIgLj\"><span class=\"TextUI-sc-12tokcy-0 bLZSPZ\">12 meses<\/span><\/td>\n<\/tr>\n<tr class=\"Tr-sc-1wy23hs-3 cNwYXF\">\n<td class=\"Td-sc-1wy23hs-5 ljIgLj\"><span class=\"TextUI-sc-12tokcy-0 bLZSPZ\">Modelo<\/span><\/td>\n<td class=\"Td-sc-1wy23hs-5 ljIgLj\"><span class=\"TextUI-sc-12tokcy-0 bLZSPZ\">CRD37EBANA<\/span><\/td>\n<\/tr>\n<tr class=\"Tr-sc-1wy23hs-3 cNwYXF\">\n<td class=\"Td-sc-1wy23hs-5 ljIgLj\"><span class=\"TextUI-sc-12tokcy-0 bLZSPZ\">Refer\u00eancia do modelo<\/span><\/td>\n<td class=\"Td-sc-1wy23hs-5 ljIgLj\"><span class=\"TextUI-sc-12tokcy-0 bLZSPZ\">CRD37EBANA<\/span><\/td>\n<\/tr>\n<\/tbody>\n<\/table>\n","protected":false},"excerpt":{"rendered":"<p>O\u00a0<b>Refrigerador Duplex Consul CRD37<\/b>\u00a0possui maior espa\u00e7o interno e\u00a0<b>design moderno<\/b>, que vai ficar \u00f3timo na sua cozinha.<\/p>\n<p>Conta com\u00a0<b>gavet\u00e3o de legumes transparente<\/b>, que mant\u00e9m a temperatura e umidade adequadas para o\u00a0<b>armazenamento de frutas e hortali\u00e7as<\/b>, preservando suas caracter\u00edsticas naturais e\u00a0<b>cesta de porta-ovos port\u00e1til<\/b>\u00a0para 12 unidades.<\/p>\n<p>Melhor aproveitamento dos espa\u00e7os,\u00a0<b>freezer com divis\u00f5es<\/b>, que permitem acomodar mais itens e recipientes maiores.<\/p>\n<p><b>Quer mais?<\/b><\/p>\n<p>-Classe A em consumo de energia.<br \/>\n-As prateleiras do refrigerador s\u00e3o regul\u00e1veis e remov\u00edveis, facilitando a limpeza.<br \/>\n-Amplo Freezer com 76 litros e prateira na porta para facilitar a organiza\u00e7\u00e3o de seus congelados.<\/p>\n<p><strong>Todas as informa\u00e7\u00f5es divulgadas, bem como os benef\u00edcios e resultados do produto s\u00e3o de responsabilidade exclusiva do Fabricante\/Fornecedor.<\/strong><\/p>\n<p><strong>Verifique com os fabricantes do produto e de seus componentes eventuais limita\u00e7\u00f5es \u00e0 utiliza\u00e7\u00e3o de todos os recursos e funcionalidades.<\/strong><\/p>\n<p><b>Imagens meramente ilustrativas<\/b><\/p>\n","protected":false},"featured_media":6021,"comment_status":"open","ping_status":"closed","template":"","meta":[],"product_brand":[],"product_cat":[15],"product_tag":[],"class_list":{"0":"post-6020","1":"product","2":"type-product","3":"status-publish","4":"has-post-thumbnail","6":"product_cat-produtos","7":"product_shipping_class-retirar-no-local","9":"first","10":"instock","11":"shipping-taxable","12":"purchasable","13":"product-type-simple"},"_links":{"self":[{"href":"https:\/\/ambrosioeletro.com.br\/v20\/wp-json\/wp\/v2\/product\/6020","targetHints":{"allow":["GET"]}}],"collection":[{"href":"https:\/\/ambrosioeletro.com.br\/v20\/wp-json\/wp\/v2\/product"}],"about":[{"href":"https:\/\/ambrosioeletro.com.br\/v20\/wp-json\/wp\/v2\/types\/product"}],"replies":[{"embeddable":true,"href":"https:\/\/ambrosioeletro.com.br\/v20\/wp-json\/wp\/v2\/comments?post=6020"}],"wp:featuredmedia":[{"embeddable":true,"href":"https:\/\/ambrosioeletro.com.br\/v20\/wp-json\/wp\/v2\/media\/6021"}],"wp:attachment":[{"href":"https:\/\/ambrosioeletro.com.br\/v20\/wp-json\/wp\/v2\/media?parent=6020"}],"wp:term":[{"taxonomy":"product_brand","embeddable":true,"href":"https:\/\/ambrosioeletro.com.br\/v20\/wp-json\/wp\/v2\/product_brand?post=6020"},{"taxonomy":"product_cat","embeddable":true,"href":"https:\/\/ambrosioeletro.com.br\/v20\/wp-json\/wp\/v2\/product_cat?post=6020"},{"taxonomy":"product_tag","embeddable":true,"href":"https:\/\/ambrosioeletro.com.br\/v20\/wp-json\/wp\/v2\/product_tag?post=6020"}],"curies":[{"name":"wp","href":"https:\/\/api.w.org\/{rel}","templated":true}]}}