{"id":7046,"date":"2020-06-26T16:22:55","date_gmt":"2020-06-26T19:22:55","guid":{"rendered":"http:\/\/ambrosioeletro.com.br\/v20\/?post_type=product&#038;p=7046"},"modified":"2026-02-24T14:39:31","modified_gmt":"2026-02-24T17:39:31","slug":"colchao-d20-guardiao-do-sono-12x88x188-global-flex","status":"publish","type":"product","link":"https:\/\/ambrosioeletro.com.br\/v20\/produto\/colchao-d20-guardiao-do-sono-12x88x188-global-flex\/","title":{"rendered":"COLCH\u00c3O solteiro D20 GUARDI\u00c3O DO SONO 12x88X188 &#8211; GLOBAL FLEX"},"content":{"rendered":"<p>&nbsp;<\/p>\n<ul>\n<li>Fazemos de tudo para apresentar imagens muito fi\u00e9is ao produto real. Por\u00e9m, as cores do produto podem variar de acordo com o seu monitor, a ilumina\u00e7\u00e3o do ambiente em que voc\u00ea est\u00e1 e at\u00e9 mesmo a sua percep\u00e7\u00e3o visual.<\/li>\n<li>Al\u00e9m da cor pequenos detalhes e acabamentos podem n\u00e3o ficar evidentes na foto, por isso as imagens s\u00e3o meramente ilustrativas.<\/li>\n<li>Objetos decorativos que porventura apare\u00e7am na foto, n\u00e3o acompanham o produto.<\/li>\n<\/ul>\n<p>&nbsp;<\/p>\n","protected":false},"excerpt":{"rendered":"<p>&nbsp; Fazemos de tudo para apresentar imagens muito fi\u00e9is ao produto real. Por\u00e9m, as cores do produto podem variar de acordo com o seu monitor, a ilumina\u00e7\u00e3o do ambiente em<\/p>\n","protected":false},"featured_media":10428,"comment_status":"open","ping_status":"closed","template":"","meta":[],"product_brand":[],"product_cat":[234],"product_tag":[],"class_list":{"0":"post-7046","1":"product","2":"type-product","3":"status-publish","4":"has-post-thumbnail","6":"product_cat-colchoes","7":"product_shipping_class-retirar-no-local","9":"first","10":"instock","11":"shipping-taxable","12":"purchasable","13":"product-type-simple"},"_links":{"self":[{"href":"https:\/\/ambrosioeletro.com.br\/v20\/wp-json\/wp\/v2\/product\/7046","targetHints":{"allow":["GET"]}}],"collection":[{"href":"https:\/\/ambrosioeletro.com.br\/v20\/wp-json\/wp\/v2\/product"}],"about":[{"href":"https:\/\/ambrosioeletro.com.br\/v20\/wp-json\/wp\/v2\/types\/product"}],"replies":[{"embeddable":true,"href":"https:\/\/ambrosioeletro.com.br\/v20\/wp-json\/wp\/v2\/comments?post=7046"}],"wp:featuredmedia":[{"embeddable":true,"href":"https:\/\/ambrosioeletro.com.br\/v20\/wp-json\/wp\/v2\/media\/10428"}],"wp:attachment":[{"href":"https:\/\/ambrosioeletro.com.br\/v20\/wp-json\/wp\/v2\/media?parent=7046"}],"wp:term":[{"taxonomy":"product_brand","embeddable":true,"href":"https:\/\/ambrosioeletro.com.br\/v20\/wp-json\/wp\/v2\/product_brand?post=7046"},{"taxonomy":"product_cat","embeddable":true,"href":"https:\/\/ambrosioeletro.com.br\/v20\/wp-json\/wp\/v2\/product_cat?post=7046"},{"taxonomy":"product_tag","embeddable":true,"href":"https:\/\/ambrosioeletro.com.br\/v20\/wp-json\/wp\/v2\/product_tag?post=7046"}],"curies":[{"name":"wp","href":"https:\/\/api.w.org\/{rel}","templated":true}]}}