{"id":7626,"date":"2020-09-11T10:56:59","date_gmt":"2020-09-11T13:56:59","guid":{"rendered":"http:\/\/ambrosioeletro.com.br\/v20\/?post_type=product&#038;p=7626"},"modified":"2026-02-04T10:58:42","modified_gmt":"2026-02-04T13:58:42","slug":"balcao-telasul-safira-aco-tampo-p-cooktop-4b-80cm-branco","status":"publish","type":"product","link":"https:\/\/ambrosioeletro.com.br\/v20\/produto\/balcao-telasul-safira-aco-tampo-p-cooktop-4b-80cm-branco\/","title":{"rendered":"Balc\u00e3o Telasul Safira A\u00e7o Tampo p\/Cooktop 4B 80cm Branco"},"content":{"rendered":"<p><b>&#8211; Cor Branco<\/b><\/p>\n<p>Marca:\u00a0<b>Telasul<\/b><\/p>\n<p>Dimens\u00f5es(Cm): Comprimento(Profundidade): 52,00 x Largura: 80,00 x Altura: 91,00<\/p>\n<p><b>CARACTER\u00cdSTICAS DE M\u00d3VEIS<\/b><br \/>\n<b>Tipo de Estrutura do M\u00f3vel<\/b><br \/>\n&#8211; 100% A\u00e7o<br \/>\n<b>Tipo de Pintura<\/b><br \/>\n&#8211; Pintura Eletrost\u00e1tica a P\u00f3<br \/>\n&#8211; Pintura Antiferruginosa<br \/>\n<b>Tipo de Acabamento da Pintura<\/b><br \/>\n&#8211; Semi Brilho<br \/>\n<b>Caracter\u00edsticas de m\u00f3veis<\/b><br \/>\n&#8211; Gabinete Cooktop<br \/>\n<b>Tipo de puxador<\/b><br \/>\n&#8211; Puxador Acr\u00edlico<br \/>\n<b>Quantidade de Prateleiras<\/b><br \/>\n&#8211; 1 Prateleira<br \/>\n<b>Quantidade de Portas<\/b><br \/>\n&#8211; 2 Portas de Abrir<\/p>\n","protected":false},"excerpt":{"rendered":"<p>&#8211; Cor Branco Marca:\u00a0Telasul Dimens\u00f5es(Cm): Comprimento(Profundidade): 52,00 x Largura: 80,00 x Altura: 91,00 CARACTER\u00cdSTICAS DE M\u00d3VEIS Tipo de Estrutura do M\u00f3vel &#8211; 100% A\u00e7o Tipo de Pintura &#8211; Pintura Eletrost\u00e1tica<\/p>\n","protected":false},"featured_media":7627,"comment_status":"open","ping_status":"closed","template":"","meta":[],"product_brand":[],"product_cat":[243,227],"product_tag":[],"class_list":{"0":"post-7626","1":"product","2":"type-product","3":"status-publish","4":"has-post-thumbnail","6":"product_cat-cozinha-moveis","7":"product_cat-moveis","8":"product_shipping_class-retirar-no-local","10":"first","11":"instock","12":"shipping-taxable","13":"purchasable","14":"product-type-simple"},"_links":{"self":[{"href":"https:\/\/ambrosioeletro.com.br\/v20\/wp-json\/wp\/v2\/product\/7626","targetHints":{"allow":["GET"]}}],"collection":[{"href":"https:\/\/ambrosioeletro.com.br\/v20\/wp-json\/wp\/v2\/product"}],"about":[{"href":"https:\/\/ambrosioeletro.com.br\/v20\/wp-json\/wp\/v2\/types\/product"}],"replies":[{"embeddable":true,"href":"https:\/\/ambrosioeletro.com.br\/v20\/wp-json\/wp\/v2\/comments?post=7626"}],"wp:featuredmedia":[{"embeddable":true,"href":"https:\/\/ambrosioeletro.com.br\/v20\/wp-json\/wp\/v2\/media\/7627"}],"wp:attachment":[{"href":"https:\/\/ambrosioeletro.com.br\/v20\/wp-json\/wp\/v2\/media?parent=7626"}],"wp:term":[{"taxonomy":"product_brand","embeddable":true,"href":"https:\/\/ambrosioeletro.com.br\/v20\/wp-json\/wp\/v2\/product_brand?post=7626"},{"taxonomy":"product_cat","embeddable":true,"href":"https:\/\/ambrosioeletro.com.br\/v20\/wp-json\/wp\/v2\/product_cat?post=7626"},{"taxonomy":"product_tag","embeddable":true,"href":"https:\/\/ambrosioeletro.com.br\/v20\/wp-json\/wp\/v2\/product_tag?post=7626"}],"curies":[{"name":"wp","href":"https:\/\/api.w.org\/{rel}","templated":true}]}}