{"id":7720,"date":"2020-09-28T14:29:51","date_gmt":"2020-09-28T17:29:51","guid":{"rendered":"http:\/\/ambrosioeletro.com.br\/v20\/?post_type=product&#038;p=7720"},"modified":"2026-04-17T16:40:07","modified_gmt":"2026-04-17T19:40:07","slug":"colchao-casal-d20-138x188x12-guardiao-do-sono-globalflex","status":"publish","type":"product","link":"https:\/\/ambrosioeletro.com.br\/v20\/produto\/colchao-casal-d20-138x188x12-guardiao-do-sono-globalflex\/","title":{"rendered":"Colchao casal d20 138x188x12 guardiao do sono globalflex"},"content":{"rendered":"<h2 class=\"description__product-title\">Colchao casal d20 138x188x12 guardiao do sono globalflex<\/h2>\n<p>Os colch\u00f5es GlobalFlex s\u00e3o fabricados dentro das normas estabelecidas pelo<\/p>\n<p>Inmetro atrav\u00e9s de seus \u00f3rgaos credenciados. A linha de produtos de espuma<\/p>\n<p>conta com equipamentos de \u00faltima gera\u00e7\u00e3o colocando a qualidade a frente de<\/p>\n<p>toda atividade produtiva. Dentro de toda atividade produtiva h\u00e1 tamb\u00e9m a<\/p>\n<p>percep\u00e7\u00e3o dos colaboradores em priorizar a qualidade dos produtos e atender a<\/p>\n<p>necessidade de nossos clientes na principal miss\u00e3o de proporcionar conforto e<\/p>\n<p>sa\u00fade aos nossos clientes consumidores.<\/p>\n","protected":false},"excerpt":{"rendered":"<p>Colchao casal d20 138x188x12 guardiao do sono globalflex Os colch\u00f5es GlobalFlex s\u00e3o fabricados dentro das normas estabelecidas pelo Inmetro atrav\u00e9s de seus \u00f3rgaos credenciados. A linha de produtos de espuma<\/p>\n","protected":false},"featured_media":7721,"comment_status":"open","ping_status":"closed","template":"","meta":[],"product_brand":[],"product_cat":[15],"product_tag":[],"class_list":{"0":"post-7720","1":"product","2":"type-product","3":"status-publish","4":"has-post-thumbnail","6":"product_cat-produtos","7":"product_shipping_class-retirar-no-local","9":"first","10":"instock","11":"shipping-taxable","12":"purchasable","13":"product-type-simple"},"_links":{"self":[{"href":"https:\/\/ambrosioeletro.com.br\/v20\/wp-json\/wp\/v2\/product\/7720","targetHints":{"allow":["GET"]}}],"collection":[{"href":"https:\/\/ambrosioeletro.com.br\/v20\/wp-json\/wp\/v2\/product"}],"about":[{"href":"https:\/\/ambrosioeletro.com.br\/v20\/wp-json\/wp\/v2\/types\/product"}],"replies":[{"embeddable":true,"href":"https:\/\/ambrosioeletro.com.br\/v20\/wp-json\/wp\/v2\/comments?post=7720"}],"wp:featuredmedia":[{"embeddable":true,"href":"https:\/\/ambrosioeletro.com.br\/v20\/wp-json\/wp\/v2\/media\/7721"}],"wp:attachment":[{"href":"https:\/\/ambrosioeletro.com.br\/v20\/wp-json\/wp\/v2\/media?parent=7720"}],"wp:term":[{"taxonomy":"product_brand","embeddable":true,"href":"https:\/\/ambrosioeletro.com.br\/v20\/wp-json\/wp\/v2\/product_brand?post=7720"},{"taxonomy":"product_cat","embeddable":true,"href":"https:\/\/ambrosioeletro.com.br\/v20\/wp-json\/wp\/v2\/product_cat?post=7720"},{"taxonomy":"product_tag","embeddable":true,"href":"https:\/\/ambrosioeletro.com.br\/v20\/wp-json\/wp\/v2\/product_tag?post=7720"}],"curies":[{"name":"wp","href":"https:\/\/api.w.org\/{rel}","templated":true}]}}