{"id":8084,"date":"2020-11-18T14:34:27","date_gmt":"2020-11-18T17:34:27","guid":{"rendered":"http:\/\/ambrosioeletro.com.br\/v20\/?post_type=product&#038;p=8084"},"modified":"2025-12-18T15:08:30","modified_gmt":"2025-12-18T18:08:30","slug":"antena-externa-para-celular-800mhz-14dbi-cf814-aquario","status":"publish","type":"product","link":"https:\/\/ambrosioeletro.com.br\/v20\/produto\/antena-externa-para-celular-800mhz-14dbi-cf814-aquario\/","title":{"rendered":"Antena Externa Para Celular 800Mhz 14Dbi Cf814 Aquario"},"content":{"rendered":"<ul>\n<li>C\u00d3DIGO DO PRODUTO\n<p>CF-814<\/li>\n<li>GANHO\n<p>14dBi<\/li>\n<li>FREQU\u00caNCIA\n<p>824 a 894 MHz<\/li>\n<li>IMPED\u00c2NCIA\n<p>50 Ohms<\/li>\n<li>CONECTOR\n<p>N f\u00eamea<\/li>\n<li>INSTALA\u00c7\u00c3O\n<p>Externa<\/li>\n<li>MATERIAL\n<p>Alum\u00ednio<\/li>\n<li>REJEI\u00c7\u00c3O POLARIZA\u00c7\u00c3O\n<p>&gt; 25 dB<\/li>\n<li>POLARIZA\u00c7\u00c3O\n<p>Linear vertical ou horizontal<\/li>\n<li>RELA\u00c7\u00c3O F\/B\n<p>&gt;15 dB<\/li>\n<li>VSWR\n<p>&lt; 2:1<\/li>\n<li>POT\u00caNCIA\n<p>100 W<\/li>\n<li>LARGURA DE FAIXA\n<p>100 MHz<\/li>\n<li>RESIST\u00caNCIA\n<p>100 km\/h<\/li>\n<li>VENTOS OPERACIONAIS\n<p>50 km\/h<\/li>\n<li>DI\u00c2METRO MASTRO\n<p>19 a 31 mm<\/li>\n<li>N\u00daMERO ELEMENTOS\n<p>10<\/li>\n<li>PESO DO PRODUTO\n<p>795g<\/li>\n<\/ul>\n","protected":false},"excerpt":{"rendered":"<p>Qualidade de sinal celular onde quer que voc\u00ea esteja!<br \/>\nAntena externa celular Aqu\u00e1rio, muito mais qualidade de sinal para \u00e1reas afastadas ou urbanas que possuem sinal de celular fraco, proporcionando economia e praticidade nas liga\u00e7\u00f5es. Com instala\u00e7\u00e3o simples j\u00e1 vem pr\u00e9-montada e pode ser conectada diretamente a um aparelho celular atrav\u00e9s de um kit adaptador, ou ainda a um Repetidor de Sinal ou Celular de Mesa.<\/p>\n","protected":false},"featured_media":8085,"comment_status":"open","ping_status":"closed","template":"","meta":[],"product_brand":[],"product_cat":[228],"product_tag":[],"class_list":{"0":"post-8084","1":"product","2":"type-product","3":"status-publish","4":"has-post-thumbnail","6":"product_cat-eletroeletronicos","7":"product_shipping_class-pac","9":"first","10":"instock","11":"shipping-taxable","12":"purchasable","13":"product-type-simple"},"_links":{"self":[{"href":"https:\/\/ambrosioeletro.com.br\/v20\/wp-json\/wp\/v2\/product\/8084","targetHints":{"allow":["GET"]}}],"collection":[{"href":"https:\/\/ambrosioeletro.com.br\/v20\/wp-json\/wp\/v2\/product"}],"about":[{"href":"https:\/\/ambrosioeletro.com.br\/v20\/wp-json\/wp\/v2\/types\/product"}],"replies":[{"embeddable":true,"href":"https:\/\/ambrosioeletro.com.br\/v20\/wp-json\/wp\/v2\/comments?post=8084"}],"wp:featuredmedia":[{"embeddable":true,"href":"https:\/\/ambrosioeletro.com.br\/v20\/wp-json\/wp\/v2\/media\/8085"}],"wp:attachment":[{"href":"https:\/\/ambrosioeletro.com.br\/v20\/wp-json\/wp\/v2\/media?parent=8084"}],"wp:term":[{"taxonomy":"product_brand","embeddable":true,"href":"https:\/\/ambrosioeletro.com.br\/v20\/wp-json\/wp\/v2\/product_brand?post=8084"},{"taxonomy":"product_cat","embeddable":true,"href":"https:\/\/ambrosioeletro.com.br\/v20\/wp-json\/wp\/v2\/product_cat?post=8084"},{"taxonomy":"product_tag","embeddable":true,"href":"https:\/\/ambrosioeletro.com.br\/v20\/wp-json\/wp\/v2\/product_tag?post=8084"}],"curies":[{"name":"wp","href":"https:\/\/api.w.org\/{rel}","templated":true}]}}