{"id":8896,"date":"2022-01-14T10:02:58","date_gmt":"2022-01-14T13:02:58","guid":{"rendered":"http:\/\/ambrosioeletro.com.br\/v20\/?post_type=product&#038;p=8896"},"modified":"2026-02-09T13:09:47","modified_gmt":"2026-02-09T16:09:47","slug":"colchao-inflavel-solteiro-185x76x22-cm-bel-fix","status":"publish","type":"product","link":"https:\/\/ambrosioeletro.com.br\/v20\/produto\/colchao-inflavel-solteiro-185x76x22-cm-bel-fix\/","title":{"rendered":"Colch\u00e3o Infl\u00e1vel Solteiro 185x76x22 cm Bel Fix"},"content":{"rendered":"<p>O Colch\u00e3o Solteiro Infl\u00e1vel da Bel Fix \u00e9 ideal para curtir seus momentos de lazer, pode ser utilizado em camping ou casa.<br \/>\nO produto \u00e9 confort\u00e1vel e macio, al\u00e9m de f\u00e1cil de usar e compacto para guardar.<\/p>\n<p>Caracter\u00edsticas:<br \/>\nTipo de Colch\u00e3o: Solteiro<br \/>\nTipo de Colch\u00e3o Infl\u00e1vel: Infl\u00e1vel<br \/>\nCondi\u00e7\u00e3o: Novo<br \/>\nModelo: 110000<br \/>\nPeso m\u00e1ximo suportado: 100 kg<br \/>\nMaterial: pvc, Vinil aveludado<br \/>\nParte superior: pvc \/ Vinil aveludado<br \/>\nParte inferior: pvc \/ Vinil<br \/>\nDimens\u00f5es do produto: 185 x 76 x 22 cm<br \/>\nSuporta at\u00e9 100 Kg<br \/>\nObserva\u00e7\u00f5es: Imagem meramente ilustrativa<br \/>\nTodas as informa\u00e7\u00f5es divulgadas s\u00e3o de responsabilidade do fabricante\/fornecedor<br \/>\nAs cores podem sofrer varia\u00e7\u00f5es de acordo com o tipo, configura\u00e7\u00e3o e resolu\u00e7\u00e3o do seu monitor<\/p>\n","protected":false},"excerpt":{"rendered":"<p>O Colch\u00e3o Solteiro Infl\u00e1vel da Bel Fix \u00e9 ideal para curtir seus momentos de lazer, pode ser utilizado em camping ou casa. O produto \u00e9 confort\u00e1vel e macio, al\u00e9m de<\/p>\n","protected":false},"featured_media":14078,"comment_status":"open","ping_status":"closed","template":"","meta":[],"product_brand":[],"product_cat":[335],"product_tag":[],"class_list":{"0":"post-8896","1":"product","2":"type-product","3":"status-publish","4":"has-post-thumbnail","6":"product_cat-inflaveis","7":"product_shipping_class-pac","9":"first","10":"instock","11":"shipping-taxable","12":"purchasable","13":"product-type-simple"},"_links":{"self":[{"href":"https:\/\/ambrosioeletro.com.br\/v20\/wp-json\/wp\/v2\/product\/8896","targetHints":{"allow":["GET"]}}],"collection":[{"href":"https:\/\/ambrosioeletro.com.br\/v20\/wp-json\/wp\/v2\/product"}],"about":[{"href":"https:\/\/ambrosioeletro.com.br\/v20\/wp-json\/wp\/v2\/types\/product"}],"replies":[{"embeddable":true,"href":"https:\/\/ambrosioeletro.com.br\/v20\/wp-json\/wp\/v2\/comments?post=8896"}],"wp:featuredmedia":[{"embeddable":true,"href":"https:\/\/ambrosioeletro.com.br\/v20\/wp-json\/wp\/v2\/media\/14078"}],"wp:attachment":[{"href":"https:\/\/ambrosioeletro.com.br\/v20\/wp-json\/wp\/v2\/media?parent=8896"}],"wp:term":[{"taxonomy":"product_brand","embeddable":true,"href":"https:\/\/ambrosioeletro.com.br\/v20\/wp-json\/wp\/v2\/product_brand?post=8896"},{"taxonomy":"product_cat","embeddable":true,"href":"https:\/\/ambrosioeletro.com.br\/v20\/wp-json\/wp\/v2\/product_cat?post=8896"},{"taxonomy":"product_tag","embeddable":true,"href":"https:\/\/ambrosioeletro.com.br\/v20\/wp-json\/wp\/v2\/product_tag?post=8896"}],"curies":[{"name":"wp","href":"https:\/\/api.w.org\/{rel}","templated":true}]}}