{"id":8899,"date":"2022-01-14T10:13:09","date_gmt":"2022-01-14T13:13:09","guid":{"rendered":"http:\/\/ambrosioeletro.com.br\/v20\/?post_type=product&#038;p=8899"},"modified":"2026-03-26T09:13:02","modified_gmt":"2026-03-26T12:13:02","slug":"colchao-inflavel-de-casal-191-x-137-x-22-cm-bel-fix","status":"publish","type":"product","link":"https:\/\/ambrosioeletro.com.br\/v20\/produto\/colchao-inflavel-de-casal-191-x-137-x-22-cm-bel-fix\/","title":{"rendered":"Colch\u00e3o Infl\u00e1vel De Casal 191 X 137 X 22 Cm Bel Fix"},"content":{"rendered":"<p>Colch\u00e3o Infl\u00e1vel De Casal 191 X 137 X 22 Cm 110200 Bel Fix<\/p>\n<p>&#8211; Super Leve<br \/>\n&#8211; F\u00e1cil de Transportar<br \/>\n&#8211; F\u00e1cil de Armazenar<\/p>\n","protected":false},"excerpt":{"rendered":"<p>Colch\u00e3o Infl\u00e1vel De Casal 191 X 137 X 22 Cm 110200 Bel Fix &#8211; Super Leve &#8211; F\u00e1cil de Transportar &#8211; F\u00e1cil de Armazenar<\/p>\n","protected":false},"featured_media":14031,"comment_status":"open","ping_status":"closed","template":"","meta":[],"product_brand":[],"product_cat":[335],"product_tag":[],"class_list":{"0":"post-8899","1":"product","2":"type-product","3":"status-publish","4":"has-post-thumbnail","6":"product_cat-inflaveis","7":"product_shipping_class-pac","9":"first","10":"instock","11":"shipping-taxable","12":"purchasable","13":"product-type-simple"},"_links":{"self":[{"href":"https:\/\/ambrosioeletro.com.br\/v20\/wp-json\/wp\/v2\/product\/8899","targetHints":{"allow":["GET"]}}],"collection":[{"href":"https:\/\/ambrosioeletro.com.br\/v20\/wp-json\/wp\/v2\/product"}],"about":[{"href":"https:\/\/ambrosioeletro.com.br\/v20\/wp-json\/wp\/v2\/types\/product"}],"replies":[{"embeddable":true,"href":"https:\/\/ambrosioeletro.com.br\/v20\/wp-json\/wp\/v2\/comments?post=8899"}],"wp:featuredmedia":[{"embeddable":true,"href":"https:\/\/ambrosioeletro.com.br\/v20\/wp-json\/wp\/v2\/media\/14031"}],"wp:attachment":[{"href":"https:\/\/ambrosioeletro.com.br\/v20\/wp-json\/wp\/v2\/media?parent=8899"}],"wp:term":[{"taxonomy":"product_brand","embeddable":true,"href":"https:\/\/ambrosioeletro.com.br\/v20\/wp-json\/wp\/v2\/product_brand?post=8899"},{"taxonomy":"product_cat","embeddable":true,"href":"https:\/\/ambrosioeletro.com.br\/v20\/wp-json\/wp\/v2\/product_cat?post=8899"},{"taxonomy":"product_tag","embeddable":true,"href":"https:\/\/ambrosioeletro.com.br\/v20\/wp-json\/wp\/v2\/product_tag?post=8899"}],"curies":[{"name":"wp","href":"https:\/\/api.w.org\/{rel}","templated":true}]}}