{"id":9149,"date":"2022-04-11T15:44:20","date_gmt":"2022-04-11T18:44:20","guid":{"rendered":"http:\/\/ambrosioeletro.com.br\/v20\/?post_type=product&#038;p=9149"},"modified":"2025-08-05T16:01:54","modified_gmt":"2025-08-05T19:01:54","slug":"liquidificador-power-mix-arno-lq11-vermelho","status":"publish","type":"product","link":"https:\/\/ambrosioeletro.com.br\/v20\/produto\/liquidificador-power-mix-arno-lq11-vermelho\/","title":{"rendered":"Liquidificador Power Mix Arno Lq11 VERMELHO"},"content":{"rendered":"<h2 class=\"description__product-title\">Liquidificador Power Mix Arno Lq11<\/h2>\n<p class=\"description__text\">\n<p>O Liquidificador Arno Power Mix tem maior desempenho e durabilidade!<br \/>\nO Power Mix conta com uma tecnologia patenteada: as exclusivas l\u00e2minas Zelkrom, que s\u00e3o de a\u00e7o inox de alta qualidade e por isso, s\u00e3o ultra dur\u00e1veis, n\u00e3o perdem o corte e n\u00e3o enferrujam. Seu alto poder de corte tritura at\u00e9 os ingredientes mais duros e deixa tudo mais cremoso. Seus resultados s\u00e3o incr\u00edveis! S\u00e3o duas velocidades, a fun\u00e7\u00e3o pulsar e 550W de pot\u00eancia.<\/p>\n","protected":false},"excerpt":{"rendered":"<p>Liquidificador Power Mix Arno Lq11 O Liquidificador Arno Power Mix tem maior desempenho e durabilidade! O Power Mix conta com uma tecnologia patenteada: as exclusivas l\u00e2minas Zelkrom, que s\u00e3o de<\/p>\n","protected":false},"featured_media":9152,"comment_status":"open","ping_status":"closed","template":"","meta":[],"product_brand":[],"product_cat":[232,226],"product_tag":[],"class_list":{"0":"post-9149","1":"product","2":"type-product","3":"status-publish","4":"has-post-thumbnail","6":"product_cat-cozinha","7":"product_cat-eletrodomesticos","8":"product_shipping_class-pac","10":"first","11":"instock","12":"shipping-taxable","13":"purchasable","14":"product-type-simple"},"_links":{"self":[{"href":"https:\/\/ambrosioeletro.com.br\/v20\/wp-json\/wp\/v2\/product\/9149","targetHints":{"allow":["GET"]}}],"collection":[{"href":"https:\/\/ambrosioeletro.com.br\/v20\/wp-json\/wp\/v2\/product"}],"about":[{"href":"https:\/\/ambrosioeletro.com.br\/v20\/wp-json\/wp\/v2\/types\/product"}],"replies":[{"embeddable":true,"href":"https:\/\/ambrosioeletro.com.br\/v20\/wp-json\/wp\/v2\/comments?post=9149"}],"wp:featuredmedia":[{"embeddable":true,"href":"https:\/\/ambrosioeletro.com.br\/v20\/wp-json\/wp\/v2\/media\/9152"}],"wp:attachment":[{"href":"https:\/\/ambrosioeletro.com.br\/v20\/wp-json\/wp\/v2\/media?parent=9149"}],"wp:term":[{"taxonomy":"product_brand","embeddable":true,"href":"https:\/\/ambrosioeletro.com.br\/v20\/wp-json\/wp\/v2\/product_brand?post=9149"},{"taxonomy":"product_cat","embeddable":true,"href":"https:\/\/ambrosioeletro.com.br\/v20\/wp-json\/wp\/v2\/product_cat?post=9149"},{"taxonomy":"product_tag","embeddable":true,"href":"https:\/\/ambrosioeletro.com.br\/v20\/wp-json\/wp\/v2\/product_tag?post=9149"}],"curies":[{"name":"wp","href":"https:\/\/api.w.org\/{rel}","templated":true}]}}