{"id":9860,"date":"2022-08-27T09:48:07","date_gmt":"2022-08-27T12:48:07","guid":{"rendered":"http:\/\/ambrosioeletro.com.br\/v20\/?post_type=product&#038;p=9860"},"modified":"2026-01-10T08:45:36","modified_gmt":"2026-01-10T11:45:36","slug":"painel-para-tv-ate-60-polegadas-nt-1100-notavel-moveis","status":"publish","type":"product","link":"https:\/\/ambrosioeletro.com.br\/v20\/produto\/painel-para-tv-ate-60-polegadas-nt-1100-notavel-moveis\/","title":{"rendered":"Painel para TV at\u00e9 60 Polegadas NT 1100 Not\u00e1vel M\u00f3veis"},"content":{"rendered":"<div class=\"mk-page-section-wrapper\" data-mk-full-width=\"true\" data-mk-full-width-init=\"true\" data-mk-stretch-content=\"true\">\n<div id=\"page-section-23\" class=\"mk-page-section self-hosted full_layout full-width-23 js-el js-master-row mk-in-viewport\" data-intro-effect=\"false\">\n<div class=\"page-section-content vc_row-fluid mk-grid \">\n<div class=\"mk-padding-wrapper wpb_row\">\n<div class=\"vc_col-sm-12 wpb_column column_container _ height-full\">\n<p>Procurando um m\u00f3vel para repaginar o visual do seu ambiente? O Painel NT 1100 da Not\u00e1vel M\u00f3veis ser\u00e1 a sua melhor escolha!<\/p>\n<div class=\"clearboth\"><\/div>\n<\/div>\n<\/div>\n<div class=\"clearboth\"><\/div>\n<\/div>\n<div class=\"clearboth\"><\/div>\n<\/div>\n<\/div>\n<div class=\"vc_row-full-width vc_clearfix\"><\/div>\n<div class=\"wpb_row vc_row vc_row-fluid mk-fullwidth-true attched-false vc_custom_1599057222155 js-master-row mk-in-viewport\" data-mk-full-width=\"true\" data-mk-full-width-init=\"true\">\n<div class=\"mk-grid\">\n<div class=\"vc_col-sm-8 wpb_column column_container _ height-full\">\n<div class=\"mk-image mk-image-27 align-right simple-frame inside-image \">\n<div class=\"mk-image-container\">\n<div class=\"mk-image-holder\">\n<div class=\"mk-image-inner \"><\/div>\n<\/div>\n<div class=\"clearboth\"><\/div>\n<\/div>\n<\/div>\n<\/div>\n<div class=\"vc_col-sm-4 wpb_column column_container _ height-full\">\n<p>Com 1,60m de largura, ele acomoda televisores de at\u00e9 65\u201d e voc\u00ea pode utiliza-lo na sala de estar, no quarto ou ent\u00e3o na \u00e1rea de lazer, para aproveitar com a fam\u00edlia ou ent\u00e3o com os convidados naquele evento importante.<\/p>\n<div class=\"clearboth\"><\/div>\n<\/div>\n<\/div>\n<\/div>\n<div class=\"vc_row-full-width vc_clearfix\"><\/div>\n<div class=\"wpb_row vc_row vc_row-fluid mk-fullwidth-true attched-false vc_custom_1599057222155 js-master-row mk-in-viewport\" data-mk-full-width=\"true\" data-mk-full-width-init=\"true\">\n<div class=\"mk-grid\">\n<div class=\"vc_col-sm-4 wpb_column column_container _ height-full\">\n<p>O toque especial do Painel NT 1100 est\u00e1 na porta deslizante que possui detalhes frisados. Ela garante um melhor aproveitamento de espa\u00e7o e protege os objetos dentro do m\u00f3vel.<\/p>\n<div class=\"clearboth\"><\/div>\n<\/div>\n<div class=\"vc_col-sm-8 wpb_column column_container _ height-full\">\n<div class=\"mk-image mk-image-33 align-right simple-frame inside-image \">\n<div class=\"mk-image-container\">\n<div class=\"mk-image-holder\">\n<div class=\"mk-image-inner \"><img loading=\"lazy\" decoding=\"async\" class=\"lightbox-false\" title=\"fotos-detalhes1-\" src=\"https:\/\/www.notavel.ind.br\/wp-content\/uploads\/fotos-detalhes1-.jpg\" alt=\"fotos-detalhes1-\" width=\"790\" height=\"458\" \/><\/div>\n<\/div>\n<\/div>\n<\/div>\n<\/div>\n<\/div>\n<\/div>\n<p><strong>Altura:\u00a0<\/strong>1600 mm<strong><br \/>\nLargura:<\/strong>\u00a01600 mm<br \/>\n<strong>Profundidade:<\/strong>\u00a0340 mm<br \/>\n<strong>Peso:<\/strong>\u00a050 kg<br \/>\n<strong>Volumes:<\/strong>\u00a002 caixas<br \/>\n<strong>Cubagem:<\/strong>\u00a00,113 m\u00b3<br \/>\n<strong>Capacidade de TV:\u00a0<\/strong>65\u2033<\/p>\n<p>&nbsp;<\/p>\n<p><strong>DIFERENCIAIS:<\/strong><br \/>\n\u2022\u00a0Porta deslizante<br \/>\n\u2022\u00a0Porta com acabamento frisado<br \/>\n\u2022\u00a0Espa\u00e7o para aparelhos eletr\u00f4nicos<\/p>\n<p>&nbsp;<\/p>\n","protected":false},"excerpt":{"rendered":"<p>Procurando um m\u00f3vel para repaginar o visual do seu ambiente? O Painel NT 1100 da Not\u00e1vel M\u00f3veis ser\u00e1 a sua melhor escolha! Com 1,60m de largura, ele acomoda televisores de<\/p>\n","protected":false},"featured_media":12792,"comment_status":"open","ping_status":"closed","template":"","meta":[],"product_brand":[],"product_cat":[227,242],"product_tag":[],"class_list":{"0":"post-9860","1":"product","2":"type-product","3":"status-publish","4":"has-post-thumbnail","6":"product_cat-moveis","7":"product_cat-sala","8":"product_shipping_class-retirar-no-local","10":"first","11":"instock","12":"shipping-taxable","13":"purchasable","14":"product-type-simple"},"_links":{"self":[{"href":"https:\/\/ambrosioeletro.com.br\/v20\/wp-json\/wp\/v2\/product\/9860","targetHints":{"allow":["GET"]}}],"collection":[{"href":"https:\/\/ambrosioeletro.com.br\/v20\/wp-json\/wp\/v2\/product"}],"about":[{"href":"https:\/\/ambrosioeletro.com.br\/v20\/wp-json\/wp\/v2\/types\/product"}],"replies":[{"embeddable":true,"href":"https:\/\/ambrosioeletro.com.br\/v20\/wp-json\/wp\/v2\/comments?post=9860"}],"wp:featuredmedia":[{"embeddable":true,"href":"https:\/\/ambrosioeletro.com.br\/v20\/wp-json\/wp\/v2\/media\/12792"}],"wp:attachment":[{"href":"https:\/\/ambrosioeletro.com.br\/v20\/wp-json\/wp\/v2\/media?parent=9860"}],"wp:term":[{"taxonomy":"product_brand","embeddable":true,"href":"https:\/\/ambrosioeletro.com.br\/v20\/wp-json\/wp\/v2\/product_brand?post=9860"},{"taxonomy":"product_cat","embeddable":true,"href":"https:\/\/ambrosioeletro.com.br\/v20\/wp-json\/wp\/v2\/product_cat?post=9860"},{"taxonomy":"product_tag","embeddable":true,"href":"https:\/\/ambrosioeletro.com.br\/v20\/wp-json\/wp\/v2\/product_tag?post=9860"}],"curies":[{"name":"wp","href":"https:\/\/api.w.org\/{rel}","templated":true}]}}